{"id":986,"date":"2022-04-07T17:04:09","date_gmt":"2022-04-07T15:04:09","guid":{"rendered":"http:\/\/dcg-guesde-montpellier.fr\/?page_id=986"},"modified":"2022-04-07T17:14:37","modified_gmt":"2022-04-07T15:14:37","slug":"partenariat-pour-la-presentation-de-la-filiere-et-les-metiers-de-lexpertise-comptable-et-de-laudit","status":"publish","type":"page","link":"https:\/\/dcg-guesde-montpellier.fr\/?page_id=986","title":{"rendered":"Partenariat pour la pr\u00e9sentation de la fili\u00e8re et les m\u00e9tiers de l&rsquo;expertise comptable et de l&rsquo;audit"},"content":{"rendered":"\n<p>Le 23 mars 2022 a eu lieu un \u00e9v\u00e8nement d&rsquo;importance pour notre DCG et plus g\u00e9n\u00e9ralement pour notre lyc\u00e9e.<\/p>\n\n\n\n<p>En effet, une <strong>convention de partenariat pour la pr\u00e9sentation de la fili\u00e8re et les m\u00e9tiers de l&rsquo;expertise comptable et de l&rsquo;audit<\/strong> a \u00e9t\u00e9 sign\u00e9e entre l&rsquo;Ordre des Experts-Comptables r\u00e9gion Occitanie, la Compagnie des Commissaires aux comptes de Montpellier\/N\u00eemes, la Chambre des experts-comptables de l\u2019H\u00e9rault et le lyc\u00e9e Jules GUESDE.<\/p>\n\n\n\n<p>Cette convention a pour objet de formaliser un partenariat entre les parties prenantes en mati\u00e8re d\u2019information et de formation aux m\u00e9tiers de l\u2019expertise comptable et du commissariat aux comptes.<br>Son objectif est notamment de permettre aux \u00e9tudiants de mieux d\u00e9couvrir pendant leur formation au lyc\u00e9e Jules GUESDE le milieu professionnel de l&rsquo;expertise comptable et du commissariat aux comptes.<\/p>\n\n\n\n<figure class=\"wp-block-image size-large\"><img loading=\"lazy\" decoding=\"async\" width=\"1024\" height=\"661\" src=\"http:\/\/dcg-guesde-montpellier.fr\/wp-content\/uploads\/2022\/04\/Signature-convention-1-1024x661.jpg\" alt=\"\" class=\"wp-image-985\" srcset=\"https:\/\/dcg-guesde-montpellier.fr\/wp-content\/uploads\/2022\/04\/Signature-convention-1-1024x661.jpg 1024w, https:\/\/dcg-guesde-montpellier.fr\/wp-content\/uploads\/2022\/04\/Signature-convention-1-300x194.jpg 300w, https:\/\/dcg-guesde-montpellier.fr\/wp-content\/uploads\/2022\/04\/Signature-convention-1-768x496.jpg 768w, https:\/\/dcg-guesde-montpellier.fr\/wp-content\/uploads\/2022\/04\/Signature-convention-1-1536x992.jpg 1536w, https:\/\/dcg-guesde-montpellier.fr\/wp-content\/uploads\/2022\/04\/Signature-convention-1-2048x1323.jpg 2048w\" sizes=\"auto, (max-width: 1024px) 100vw, 1024px\" \/><figcaption><strong>Signature de la convention le 23 mars 2022<\/strong><br><em>De gauche \u00e0 droite : Pascal CASTANET \u2013 1er vice-pr\u00e9sident de l\u2019Ordre, <br>Coralie SAUVEPLANE \u2013 Compagnie R\u00e9gionale des Commissaires aux Comptes, <br>Christophe CHUECOS \u2013 \u00e9lu de l\u2019Ordre et membre de la chambre locale d\u2019expert-comptable de l\u2019H\u00e9rault, <br>Fr\u00e9d\u00e9ric PAGNEUX \u2013 Proviseur du lyc\u00e9e Jules Guesde<\/em><br><\/figcaption><\/figure>\n","protected":false},"excerpt":{"rendered":"<p>Le 23 mars 2022 a eu lieu un \u00e9v\u00e8nement d&rsquo;importance pour notre DCG et plus g\u00e9n\u00e9ralement pour notre lyc\u00e9e. En effet, une convention de partenariat pour la pr\u00e9sentation de la fili\u00e8re et les m\u00e9tiers de l&rsquo;expertise comptable et de l&rsquo;audit a \u00e9t\u00e9 sign\u00e9e entre l&rsquo;Ordre des Experts-Comptables r\u00e9gion Occitanie, la Compagnie des Commissaires aux comptes [&hellip;]<\/p>\n","protected":false},"author":1,"featured_media":0,"parent":0,"menu_order":0,"comment_status":"closed","ping_status":"closed","template":"","meta":{"footnotes":""},"class_list":["post-986","page","type-page","status-publish","hentry"],"yoast_head":"<!-- This site is optimized with the Yoast SEO plugin v26.4 - https:\/\/yoast.com\/wordpress\/plugins\/seo\/ -->\n<title>Partenariat pour la pr\u00e9sentation de la fili\u00e8re et les m\u00e9tiers de l&#039;expertise comptable et de l&#039;audit - DCG - Lyc\u00e9e Jules Guesde - Montpellier<\/title>\n<meta name=\"robots\" content=\"index, follow, max-snippet:-1, max-image-preview:large, max-video-preview:-1\" \/>\n<link rel=\"canonical\" href=\"http:\/\/dcg-guesde-montpellier.fr\/?page_id=986\" \/>\n<meta property=\"og:locale\" content=\"fr_FR\" \/>\n<meta property=\"og:type\" content=\"article\" \/>\n<meta property=\"og:title\" content=\"Partenariat pour la pr\u00e9sentation de la fili\u00e8re et les m\u00e9tiers de l&#039;expertise comptable et de l&#039;audit - DCG - Lyc\u00e9e Jules Guesde - Montpellier\" \/>\n<meta property=\"og:description\" content=\"Le 23 mars 2022 a eu lieu un \u00e9v\u00e8nement d&rsquo;importance pour notre DCG et plus g\u00e9n\u00e9ralement pour notre lyc\u00e9e. En effet, une convention de partenariat pour la pr\u00e9sentation de la fili\u00e8re et les m\u00e9tiers de l&rsquo;expertise comptable et de l&rsquo;audit a \u00e9t\u00e9 sign\u00e9e entre l&rsquo;Ordre des Experts-Comptables r\u00e9gion Occitanie, la Compagnie des Commissaires aux comptes [&hellip;]\" \/>\n<meta property=\"og:url\" content=\"http:\/\/dcg-guesde-montpellier.fr\/?page_id=986\" \/>\n<meta property=\"og:site_name\" content=\"DCG - Lyc\u00e9e Jules Guesde - Montpellier\" \/>\n<meta property=\"article:modified_time\" content=\"2022-04-07T15:14:37+00:00\" \/>\n<meta property=\"og:image\" content=\"http:\/\/dcg-guesde-montpellier.fr\/wp-content\/uploads\/2022\/04\/Signature-convention-1-1024x661.jpg\" \/>\n<meta name=\"twitter:card\" content=\"summary_large_image\" \/>\n<meta name=\"twitter:label1\" content=\"Dur\u00e9e de lecture estim\u00e9e\" \/>\n\t<meta name=\"twitter:data1\" content=\"2 minutes\" \/>\n<script type=\"application\/ld+json\" class=\"yoast-schema-graph\">{\"@context\":\"https:\/\/schema.org\",\"@graph\":[{\"@type\":\"WebPage\",\"@id\":\"http:\/\/dcg-guesde-montpellier.fr\/?page_id=986\",\"url\":\"http:\/\/dcg-guesde-montpellier.fr\/?page_id=986\",\"name\":\"Partenariat pour la pr\u00e9sentation de la fili\u00e8re et les m\u00e9tiers de l'expertise comptable et de l'audit - DCG - Lyc\u00e9e Jules Guesde - Montpellier\",\"isPartOf\":{\"@id\":\"https:\/\/dcg-guesde-montpellier.fr\/#website\"},\"primaryImageOfPage\":{\"@id\":\"http:\/\/dcg-guesde-montpellier.fr\/?page_id=986#primaryimage\"},\"image\":{\"@id\":\"http:\/\/dcg-guesde-montpellier.fr\/?page_id=986#primaryimage\"},\"thumbnailUrl\":\"http:\/\/dcg-guesde-montpellier.fr\/wp-content\/uploads\/2022\/04\/Signature-convention-1-1024x661.jpg\",\"datePublished\":\"2022-04-07T15:04:09+00:00\",\"dateModified\":\"2022-04-07T15:14:37+00:00\",\"breadcrumb\":{\"@id\":\"http:\/\/dcg-guesde-montpellier.fr\/?page_id=986#breadcrumb\"},\"inLanguage\":\"fr-FR\",\"potentialAction\":[{\"@type\":\"ReadAction\",\"target\":[\"http:\/\/dcg-guesde-montpellier.fr\/?page_id=986\"]}]},{\"@type\":\"ImageObject\",\"inLanguage\":\"fr-FR\",\"@id\":\"http:\/\/dcg-guesde-montpellier.fr\/?page_id=986#primaryimage\",\"url\":\"https:\/\/dcg-guesde-montpellier.fr\/wp-content\/uploads\/2022\/04\/Signature-convention-1-scaled.jpg\",\"contentUrl\":\"https:\/\/dcg-guesde-montpellier.fr\/wp-content\/uploads\/2022\/04\/Signature-convention-1-scaled.jpg\",\"width\":2560,\"height\":1654},{\"@type\":\"BreadcrumbList\",\"@id\":\"http:\/\/dcg-guesde-montpellier.fr\/?page_id=986#breadcrumb\",\"itemListElement\":[{\"@type\":\"ListItem\",\"position\":1,\"name\":\"Accueil\",\"item\":\"https:\/\/dcg-guesde-montpellier.fr\/\"},{\"@type\":\"ListItem\",\"position\":2,\"name\":\"Partenariat pour la pr\u00e9sentation de la fili\u00e8re et les m\u00e9tiers de l&rsquo;expertise comptable et de l&rsquo;audit\"}]},{\"@type\":\"WebSite\",\"@id\":\"https:\/\/dcg-guesde-montpellier.fr\/#website\",\"url\":\"https:\/\/dcg-guesde-montpellier.fr\/\",\"name\":\"DCG - Lyc\u00e9e Jules Guesde - Montpellier\",\"description\":\"Un site utilisant WordPress\",\"publisher\":{\"@id\":\"https:\/\/dcg-guesde-montpellier.fr\/#organization\"},\"potentialAction\":[{\"@type\":\"SearchAction\",\"target\":{\"@type\":\"EntryPoint\",\"urlTemplate\":\"https:\/\/dcg-guesde-montpellier.fr\/?s={search_term_string}\"},\"query-input\":{\"@type\":\"PropertyValueSpecification\",\"valueRequired\":true,\"valueName\":\"search_term_string\"}}],\"inLanguage\":\"fr-FR\"},{\"@type\":\"Organization\",\"@id\":\"https:\/\/dcg-guesde-montpellier.fr\/#organization\",\"name\":\"DCG - Lyc\u00e9e Jules Guesde - Montpellier\",\"url\":\"https:\/\/dcg-guesde-montpellier.fr\/\",\"logo\":{\"@type\":\"ImageObject\",\"inLanguage\":\"fr-FR\",\"@id\":\"https:\/\/dcg-guesde-montpellier.fr\/#\/schema\/logo\/image\/\",\"url\":\"http:\/\/dcg-guesde-montpellier.fr\/wp-content\/uploads\/2021\/11\/logo_guesde-2.jpg\",\"contentUrl\":\"http:\/\/dcg-guesde-montpellier.fr\/wp-content\/uploads\/2021\/11\/logo_guesde-2.jpg\",\"width\":300,\"height\":267,\"caption\":\"DCG - Lyc\u00e9e Jules Guesde - Montpellier\"},\"image\":{\"@id\":\"https:\/\/dcg-guesde-montpellier.fr\/#\/schema\/logo\/image\/\"}}]}<\/script>\n<!-- \/ Yoast SEO plugin. -->","yoast_head_json":{"title":"Partenariat pour la pr\u00e9sentation de la fili\u00e8re et les m\u00e9tiers de l'expertise comptable et de l'audit - DCG - Lyc\u00e9e Jules Guesde - Montpellier","robots":{"index":"index","follow":"follow","max-snippet":"max-snippet:-1","max-image-preview":"max-image-preview:large","max-video-preview":"max-video-preview:-1"},"canonical":"http:\/\/dcg-guesde-montpellier.fr\/?page_id=986","og_locale":"fr_FR","og_type":"article","og_title":"Partenariat pour la pr\u00e9sentation de la fili\u00e8re et les m\u00e9tiers de l'expertise comptable et de l'audit - DCG - Lyc\u00e9e Jules Guesde - Montpellier","og_description":"Le 23 mars 2022 a eu lieu un \u00e9v\u00e8nement d&rsquo;importance pour notre DCG et plus g\u00e9n\u00e9ralement pour notre lyc\u00e9e. En effet, une convention de partenariat pour la pr\u00e9sentation de la fili\u00e8re et les m\u00e9tiers de l&rsquo;expertise comptable et de l&rsquo;audit a \u00e9t\u00e9 sign\u00e9e entre l&rsquo;Ordre des Experts-Comptables r\u00e9gion Occitanie, la Compagnie des Commissaires aux comptes [&hellip;]","og_url":"http:\/\/dcg-guesde-montpellier.fr\/?page_id=986","og_site_name":"DCG - Lyc\u00e9e Jules Guesde - Montpellier","article_modified_time":"2022-04-07T15:14:37+00:00","og_image":[{"url":"http:\/\/dcg-guesde-montpellier.fr\/wp-content\/uploads\/2022\/04\/Signature-convention-1-1024x661.jpg","type":"","width":"","height":""}],"twitter_card":"summary_large_image","twitter_misc":{"Dur\u00e9e de lecture estim\u00e9e":"2 minutes"},"schema":{"@context":"https:\/\/schema.org","@graph":[{"@type":"WebPage","@id":"http:\/\/dcg-guesde-montpellier.fr\/?page_id=986","url":"http:\/\/dcg-guesde-montpellier.fr\/?page_id=986","name":"Partenariat pour la pr\u00e9sentation de la fili\u00e8re et les m\u00e9tiers de l'expertise comptable et de l'audit - DCG - Lyc\u00e9e Jules Guesde - Montpellier","isPartOf":{"@id":"https:\/\/dcg-guesde-montpellier.fr\/#website"},"primaryImageOfPage":{"@id":"http:\/\/dcg-guesde-montpellier.fr\/?page_id=986#primaryimage"},"image":{"@id":"http:\/\/dcg-guesde-montpellier.fr\/?page_id=986#primaryimage"},"thumbnailUrl":"http:\/\/dcg-guesde-montpellier.fr\/wp-content\/uploads\/2022\/04\/Signature-convention-1-1024x661.jpg","datePublished":"2022-04-07T15:04:09+00:00","dateModified":"2022-04-07T15:14:37+00:00","breadcrumb":{"@id":"http:\/\/dcg-guesde-montpellier.fr\/?page_id=986#breadcrumb"},"inLanguage":"fr-FR","potentialAction":[{"@type":"ReadAction","target":["http:\/\/dcg-guesde-montpellier.fr\/?page_id=986"]}]},{"@type":"ImageObject","inLanguage":"fr-FR","@id":"http:\/\/dcg-guesde-montpellier.fr\/?page_id=986#primaryimage","url":"https:\/\/dcg-guesde-montpellier.fr\/wp-content\/uploads\/2022\/04\/Signature-convention-1-scaled.jpg","contentUrl":"https:\/\/dcg-guesde-montpellier.fr\/wp-content\/uploads\/2022\/04\/Signature-convention-1-scaled.jpg","width":2560,"height":1654},{"@type":"BreadcrumbList","@id":"http:\/\/dcg-guesde-montpellier.fr\/?page_id=986#breadcrumb","itemListElement":[{"@type":"ListItem","position":1,"name":"Accueil","item":"https:\/\/dcg-guesde-montpellier.fr\/"},{"@type":"ListItem","position":2,"name":"Partenariat pour la pr\u00e9sentation de la fili\u00e8re et les m\u00e9tiers de l&rsquo;expertise comptable et de l&rsquo;audit"}]},{"@type":"WebSite","@id":"https:\/\/dcg-guesde-montpellier.fr\/#website","url":"https:\/\/dcg-guesde-montpellier.fr\/","name":"DCG - Lyc\u00e9e Jules Guesde - Montpellier","description":"Un site utilisant WordPress","publisher":{"@id":"https:\/\/dcg-guesde-montpellier.fr\/#organization"},"potentialAction":[{"@type":"SearchAction","target":{"@type":"EntryPoint","urlTemplate":"https:\/\/dcg-guesde-montpellier.fr\/?s={search_term_string}"},"query-input":{"@type":"PropertyValueSpecification","valueRequired":true,"valueName":"search_term_string"}}],"inLanguage":"fr-FR"},{"@type":"Organization","@id":"https:\/\/dcg-guesde-montpellier.fr\/#organization","name":"DCG - Lyc\u00e9e Jules Guesde - Montpellier","url":"https:\/\/dcg-guesde-montpellier.fr\/","logo":{"@type":"ImageObject","inLanguage":"fr-FR","@id":"https:\/\/dcg-guesde-montpellier.fr\/#\/schema\/logo\/image\/","url":"http:\/\/dcg-guesde-montpellier.fr\/wp-content\/uploads\/2021\/11\/logo_guesde-2.jpg","contentUrl":"http:\/\/dcg-guesde-montpellier.fr\/wp-content\/uploads\/2021\/11\/logo_guesde-2.jpg","width":300,"height":267,"caption":"DCG - Lyc\u00e9e Jules Guesde - Montpellier"},"image":{"@id":"https:\/\/dcg-guesde-montpellier.fr\/#\/schema\/logo\/image\/"}}]}},"_links":{"self":[{"href":"https:\/\/dcg-guesde-montpellier.fr\/index.php?rest_route=\/wp\/v2\/pages\/986","targetHints":{"allow":["GET"]}}],"collection":[{"href":"https:\/\/dcg-guesde-montpellier.fr\/index.php?rest_route=\/wp\/v2\/pages"}],"about":[{"href":"https:\/\/dcg-guesde-montpellier.fr\/index.php?rest_route=\/wp\/v2\/types\/page"}],"author":[{"embeddable":true,"href":"https:\/\/dcg-guesde-montpellier.fr\/index.php?rest_route=\/wp\/v2\/users\/1"}],"replies":[{"embeddable":true,"href":"https:\/\/dcg-guesde-montpellier.fr\/index.php?rest_route=%2Fwp%2Fv2%2Fcomments&post=986"}],"version-history":[{"count":4,"href":"https:\/\/dcg-guesde-montpellier.fr\/index.php?rest_route=\/wp\/v2\/pages\/986\/revisions"}],"predecessor-version":[{"id":995,"href":"https:\/\/dcg-guesde-montpellier.fr\/index.php?rest_route=\/wp\/v2\/pages\/986\/revisions\/995"}],"wp:attachment":[{"href":"https:\/\/dcg-guesde-montpellier.fr\/index.php?rest_route=%2Fwp%2Fv2%2Fmedia&parent=986"}],"curies":[{"name":"wp","href":"https:\/\/api.w.org\/{rel}","templated":true}]}}