{"id":192,"date":"2021-11-13T23:19:24","date_gmt":"2021-11-13T22:19:24","guid":{"rendered":"http:\/\/dcg-guesde-montpellier.fr\/?page_id=192"},"modified":"2026-03-17T10:14:53","modified_gmt":"2026-03-17T09:14:53","slug":"linscription","status":"publish","type":"page","link":"https:\/\/dcg-guesde-montpellier.fr\/?page_id=192","title":{"rendered":"L&rsquo;inscription en DCG au lyc\u00e9e Jules Guesde"},"content":{"rendered":"\n<div class=\"wp-block-media-text is-stacked-on-mobile is-vertically-aligned-center is-image-fill-element\" style=\"grid-template-columns:29% auto\"><figure class=\"wp-block-media-text__media\"><img loading=\"lazy\" decoding=\"async\" width=\"925\" height=\"617\" src=\"http:\/\/dcg-guesde-montpellier.fr\/wp-content\/uploads\/2021\/11\/hand-one-up.jpg\" alt=\"\" class=\"wp-image-294 size-full\" style=\"object-position:48% 51%\" srcset=\"https:\/\/dcg-guesde-montpellier.fr\/wp-content\/uploads\/2021\/11\/hand-one-up.jpg 925w, https:\/\/dcg-guesde-montpellier.fr\/wp-content\/uploads\/2021\/11\/hand-one-up-300x200.jpg 300w, https:\/\/dcg-guesde-montpellier.fr\/wp-content\/uploads\/2021\/11\/hand-one-up-768x512.jpg 768w\" sizes=\"auto, (max-width: 925px) 100vw, 925px\" \/><\/figure><div class=\"wp-block-media-text__content\">\n<p class=\"has-medium-font-size\">Inscription en 1re ann\u00e9e<\/p>\n\n\n\n<p class=\"has-small-font-size\"><strong>L\u2019inscription en 1re ann\u00e9e (DCG1)<\/strong>&nbsp;est ouverte aux titulaires du baccalaur\u00e9at de la voie technologique (STMG) ou de la voie g\u00e9n\u00e9rale (toutes sp\u00e9cialit\u00e9s).<\/p>\n\n\n\n<p class=\"has-small-font-size\">Vous devez passer par la plateforme <a href=\"https:\/\/www.parcoursup.fr\/\" data-type=\"URL\" data-id=\"https:\/\/www.parcoursup.fr\/\" target=\"_blank\" rel=\"noreferrer noopener\">Parcoursup<\/a>.<\/p>\n\n\n\n<p class=\"has-small-font-size\">Nous tiendrons compte particuli\u00e8rement de vos bulletins de notes des 1er et 2e trimestres de Terminale&nbsp;: notes et appr\u00e9ciations des professeurs&nbsp;!<br>Soignez la lettre de motivation, particuli\u00e8rement si vous demandez le DCG en voeu n\u00b0 1.<br>Si vous venez d\u2019une autre acad\u00e9mie, nous serons d\u2019autant plus attentifs si vous expliquez votre choix de venir au lyc\u00e9e Jules Guesde.<br>Si vous avez d\u00e9j\u00e0 suivi une autre formation sup\u00e9rieure, expliquez votre choix de r\u00e9orientation &#8230;<\/p>\n\n\n\n<p class=\"has-small-font-size\">Si vous \u00eates titulaire d\u2019un dipl\u00f4me d\u2019\u00e9tudes sup\u00e9rieures, vous b\u00e9n\u00e9ficiez peut-\u00eatre de&nbsp;<a href=\"https:\/\/www.enseignementsup-recherche.gouv.fr\/fr\/bo\/16\/Hebdo39\/MENS1600629A.htm\" target=\"_blank\" rel=\"noreferrer noopener\">dispenses<\/a>.<\/p>\n<\/div><\/div>\n\n\n\n<p><\/p>\n\n\n\n<div class=\"wp-block-media-text is-stacked-on-mobile is-vertically-aligned-center is-image-fill-element\" style=\"grid-template-columns:29% auto\"><figure class=\"wp-block-media-text__media\"><img loading=\"lazy\" decoding=\"async\" width=\"925\" height=\"617\" src=\"http:\/\/dcg-guesde-montpellier.fr\/wp-content\/uploads\/2021\/11\/hand-with-two-fingers-up-peace.jpg\" alt=\"\" class=\"wp-image-295 size-full\" style=\"object-position:55% 81%\" srcset=\"https:\/\/dcg-guesde-montpellier.fr\/wp-content\/uploads\/2021\/11\/hand-with-two-fingers-up-peace.jpg 925w, https:\/\/dcg-guesde-montpellier.fr\/wp-content\/uploads\/2021\/11\/hand-with-two-fingers-up-peace-300x200.jpg 300w, https:\/\/dcg-guesde-montpellier.fr\/wp-content\/uploads\/2021\/11\/hand-with-two-fingers-up-peace-768x512.jpg 768w\" sizes=\"auto, (max-width: 925px) 100vw, 925px\" \/><\/figure><div class=\"wp-block-media-text__content\">\n<p class=\"has-medium-font-size\">Inscription en <meta charset=\"utf-8\">2e ann\u00e9e<\/p>\n\n\n\n<p class=\"has-small-font-size\"><strong>L\u2019inscription en 2e ann\u00e9e (DCG2)<\/strong>&nbsp;est ouverte, dans la limite des places disponibles, aux titulaires d\u2019un <span style=\"background-color:rgba(0, 0, 0, 0)\" class=\"has-inline-color has-black-color\"><strong>BTS CG<\/strong><\/span><span style=\"background-color:rgba(0, 0, 0, 0)\" class=\"has-inline-color has-vivid-red-color\">&nbsp;<\/span>puisqu\u2019ils b\u00e9n\u00e9ficient de certaines&nbsp;<a href=\"https:\/\/www.enseignementsup-recherche.gouv.fr\/fr\/bo\/16\/Hebdo39\/MENS1600629A.htm\" target=\"_blank\" rel=\"noreferrer noopener\">dispenses<\/a>.<\/p>\n\n\n\n<p class=\"has-small-font-size\"><strong>Pour candidater en classe de DCG 2e ann\u00e9e<\/strong>, les pr\u00e9-inscriptions sur le <a href=\"https:\/\/jules-guesde.mon-ent-occitanie.fr\/nos-formations-post-bac\/dcg\/les-evenements-en-dcg\/candidater-en-dcg-2eme-annee-3749.htm?URL_BLOG_FILTRE=%231426\" target=\"_blank\" rel=\"noreferrer noopener\">site du lyc\u00e9e<\/a> seront ouvertes \u00e0 compter du <strong><span style=\"text-decoration: underline;\">23 mars 2026<\/span><\/strong> et <strong><span style=\"text-decoration: underline;\">jusqu&rsquo;au 10 mai 2026<\/span><\/strong> (pour la rentr\u00e9e de septembre 2026).<br><strong>NE PAS UTILISER LA PLATEFORME PARCOURSUP<\/strong><\/p>\n\n\n\n<p class=\"has-small-font-size\"><\/p>\n<\/div><\/div>\n\n\n\n<p><\/p>\n\n\n\n<div class=\"wp-block-media-text is-stacked-on-mobile is-vertically-aligned-center is-image-fill-element\" style=\"grid-template-columns:29% auto\"><figure class=\"wp-block-media-text__media\"><img loading=\"lazy\" decoding=\"async\" width=\"626\" height=\"417\" src=\"http:\/\/dcg-guesde-montpellier.fr\/wp-content\/uploads\/2021\/12\/Trois-gros-plan-main-jeune-femme-montrant-signes-compter-doigts_295783-12858.jpg\" alt=\"\" class=\"wp-image-433 size-full\" style=\"object-position:50% 50%\" srcset=\"https:\/\/dcg-guesde-montpellier.fr\/wp-content\/uploads\/2021\/12\/Trois-gros-plan-main-jeune-femme-montrant-signes-compter-doigts_295783-12858.jpg 626w, https:\/\/dcg-guesde-montpellier.fr\/wp-content\/uploads\/2021\/12\/Trois-gros-plan-main-jeune-femme-montrant-signes-compter-doigts_295783-12858-300x200.jpg 300w\" sizes=\"auto, (max-width: 626px) 100vw, 626px\" \/><\/figure><div class=\"wp-block-media-text__content\">\n<p class=\"has-medium-font-size\">Inscription en 3e ann\u00e9e<\/p>\n\n\n\n<p class=\"has-small-font-size\">Exceptionnellement une <mark style=\"background-color:rgba(0, 0, 0, 0)\" class=\"has-inline-color has-black-color\"><strong>inscription en 3e ann\u00e9e&nbsp;(DCG3)<\/strong><\/mark><mark style=\"background-color:rgba(0, 0, 0, 0)\" class=\"has-inline-color has-vivid-red-color\"><strong>&nbsp;<\/strong><\/mark>est possible en suivant la m\u00eame proc\u00e9dure que pour l&rsquo;inscription en 2e ann\u00e9e de DCG. <\/p>\n\n\n\n<p class=\"has-small-font-size\">Pour <strong>candidater en classe de DCG 3e ann\u00e9e<\/strong>, les pr\u00e9-inscriptions sur le <a href=\"https:\/\/jules-guesde.mon-ent-occitanie.fr\/nos-formations-post-bac\/dcg\/les-evenements-en-dcg\/candidater-en-dcg-2eme-annee-3749.htm?URL_BLOG_FILTRE=%231426\" target=\"_blank\" rel=\"noreferrer noopener\">site du lyc\u00e9e<\/a> seront ouvertes \u00e0 compter du <strong><span style=\"text-decoration: underline;\">23 mars 2026<\/span><\/strong> et <strong><span style=\"text-decoration: underline;\">jusqu&rsquo;au 10 mai 2026<\/span> <\/strong>(pour la rentr\u00e9e de septembre 2026).<br><strong>NE PAS UTILISER LA PLATEFORME PARCOURSUP<\/strong><\/p>\n\n\n\n<p class=\"has-small-font-size\"><\/p>\n<\/div><\/div>\n\n\n\n<p><\/p>\n","protected":false},"excerpt":{"rendered":"<p>Inscription en 1re ann\u00e9e L\u2019inscription en 1re ann\u00e9e (DCG1)&nbsp;est ouverte aux titulaires du baccalaur\u00e9at de la voie technologique (STMG) ou de la voie g\u00e9n\u00e9rale (toutes sp\u00e9cialit\u00e9s). Vous devez passer par la plateforme Parcoursup. Nous tiendrons compte particuli\u00e8rement de vos bulletins de notes des 1er et 2e trimestres de Terminale&nbsp;: notes et appr\u00e9ciations des professeurs&nbsp;!Soignez la [&hellip;]<\/p>\n","protected":false},"author":1,"featured_media":0,"parent":0,"menu_order":0,"comment_status":"closed","ping_status":"closed","template":"","meta":{"footnotes":""},"class_list":["post-192","page","type-page","status-publish","hentry"],"yoast_head":"<!-- This site is optimized with the Yoast SEO plugin v26.4 - https:\/\/yoast.com\/wordpress\/plugins\/seo\/ -->\n<title>L&#039;inscription en DCG au lyc\u00e9e Jules Guesde - DCG - Lyc\u00e9e Jules Guesde - Montpellier<\/title>\n<meta name=\"robots\" content=\"index, follow, max-snippet:-1, max-image-preview:large, max-video-preview:-1\" \/>\n<link rel=\"canonical\" href=\"https:\/\/dcg-guesde-montpellier.fr\/?page_id=192\" \/>\n<meta property=\"og:locale\" content=\"fr_FR\" \/>\n<meta property=\"og:type\" content=\"article\" \/>\n<meta property=\"og:title\" content=\"L&#039;inscription en DCG au lyc\u00e9e Jules Guesde - DCG - Lyc\u00e9e Jules Guesde - Montpellier\" \/>\n<meta property=\"og:description\" content=\"Inscription en 1re ann\u00e9e L\u2019inscription en 1re ann\u00e9e (DCG1)&nbsp;est ouverte aux titulaires du baccalaur\u00e9at de la voie technologique (STMG) ou de la voie g\u00e9n\u00e9rale (toutes sp\u00e9cialit\u00e9s). Vous devez passer par la plateforme Parcoursup. Nous tiendrons compte particuli\u00e8rement de vos bulletins de notes des 1er et 2e trimestres de Terminale&nbsp;: notes et appr\u00e9ciations des professeurs&nbsp;!Soignez la [&hellip;]\" \/>\n<meta property=\"og:url\" content=\"https:\/\/dcg-guesde-montpellier.fr\/?page_id=192\" \/>\n<meta property=\"og:site_name\" content=\"DCG - Lyc\u00e9e Jules Guesde - Montpellier\" \/>\n<meta property=\"article:modified_time\" content=\"2026-03-17T09:14:53+00:00\" \/>\n<meta property=\"og:image\" content=\"https:\/\/dcg-guesde-montpellier.fr\/wp-content\/uploads\/2021\/11\/hand-one-up.jpg\" \/>\n\t<meta property=\"og:image:width\" content=\"925\" \/>\n\t<meta property=\"og:image:height\" content=\"617\" \/>\n\t<meta property=\"og:image:type\" content=\"image\/jpeg\" \/>\n<meta name=\"twitter:card\" content=\"summary_large_image\" \/>\n<meta name=\"twitter:label1\" content=\"Dur\u00e9e de lecture estim\u00e9e\" \/>\n\t<meta name=\"twitter:data1\" content=\"2 minutes\" \/>\n<script type=\"application\/ld+json\" class=\"yoast-schema-graph\">{\"@context\":\"https:\/\/schema.org\",\"@graph\":[{\"@type\":\"WebPage\",\"@id\":\"https:\/\/dcg-guesde-montpellier.fr\/?page_id=192\",\"url\":\"https:\/\/dcg-guesde-montpellier.fr\/?page_id=192\",\"name\":\"L'inscription en DCG au lyc\u00e9e Jules Guesde - DCG - Lyc\u00e9e Jules Guesde - Montpellier\",\"isPartOf\":{\"@id\":\"https:\/\/dcg-guesde-montpellier.fr\/#website\"},\"primaryImageOfPage\":{\"@id\":\"https:\/\/dcg-guesde-montpellier.fr\/?page_id=192#primaryimage\"},\"image\":{\"@id\":\"https:\/\/dcg-guesde-montpellier.fr\/?page_id=192#primaryimage\"},\"thumbnailUrl\":\"http:\/\/dcg-guesde-montpellier.fr\/wp-content\/uploads\/2021\/11\/hand-one-up.jpg\",\"datePublished\":\"2021-11-13T22:19:24+00:00\",\"dateModified\":\"2026-03-17T09:14:53+00:00\",\"breadcrumb\":{\"@id\":\"https:\/\/dcg-guesde-montpellier.fr\/?page_id=192#breadcrumb\"},\"inLanguage\":\"fr-FR\",\"potentialAction\":[{\"@type\":\"ReadAction\",\"target\":[\"https:\/\/dcg-guesde-montpellier.fr\/?page_id=192\"]}]},{\"@type\":\"ImageObject\",\"inLanguage\":\"fr-FR\",\"@id\":\"https:\/\/dcg-guesde-montpellier.fr\/?page_id=192#primaryimage\",\"url\":\"https:\/\/dcg-guesde-montpellier.fr\/wp-content\/uploads\/2021\/11\/hand-one-up.jpg\",\"contentUrl\":\"https:\/\/dcg-guesde-montpellier.fr\/wp-content\/uploads\/2021\/11\/hand-one-up.jpg\",\"width\":925,\"height\":617},{\"@type\":\"BreadcrumbList\",\"@id\":\"https:\/\/dcg-guesde-montpellier.fr\/?page_id=192#breadcrumb\",\"itemListElement\":[{\"@type\":\"ListItem\",\"position\":1,\"name\":\"Accueil\",\"item\":\"https:\/\/dcg-guesde-montpellier.fr\/\"},{\"@type\":\"ListItem\",\"position\":2,\"name\":\"L&rsquo;inscription en DCG au lyc\u00e9e Jules Guesde\"}]},{\"@type\":\"WebSite\",\"@id\":\"https:\/\/dcg-guesde-montpellier.fr\/#website\",\"url\":\"https:\/\/dcg-guesde-montpellier.fr\/\",\"name\":\"DCG - Lyc\u00e9e Jules Guesde - Montpellier\",\"description\":\"Un site utilisant WordPress\",\"publisher\":{\"@id\":\"https:\/\/dcg-guesde-montpellier.fr\/#organization\"},\"potentialAction\":[{\"@type\":\"SearchAction\",\"target\":{\"@type\":\"EntryPoint\",\"urlTemplate\":\"https:\/\/dcg-guesde-montpellier.fr\/?s={search_term_string}\"},\"query-input\":{\"@type\":\"PropertyValueSpecification\",\"valueRequired\":true,\"valueName\":\"search_term_string\"}}],\"inLanguage\":\"fr-FR\"},{\"@type\":\"Organization\",\"@id\":\"https:\/\/dcg-guesde-montpellier.fr\/#organization\",\"name\":\"DCG - Lyc\u00e9e Jules Guesde - Montpellier\",\"url\":\"https:\/\/dcg-guesde-montpellier.fr\/\",\"logo\":{\"@type\":\"ImageObject\",\"inLanguage\":\"fr-FR\",\"@id\":\"https:\/\/dcg-guesde-montpellier.fr\/#\/schema\/logo\/image\/\",\"url\":\"http:\/\/dcg-guesde-montpellier.fr\/wp-content\/uploads\/2021\/11\/logo_guesde-2.jpg\",\"contentUrl\":\"http:\/\/dcg-guesde-montpellier.fr\/wp-content\/uploads\/2021\/11\/logo_guesde-2.jpg\",\"width\":300,\"height\":267,\"caption\":\"DCG - Lyc\u00e9e Jules Guesde - Montpellier\"},\"image\":{\"@id\":\"https:\/\/dcg-guesde-montpellier.fr\/#\/schema\/logo\/image\/\"}}]}<\/script>\n<!-- \/ Yoast SEO plugin. -->","yoast_head_json":{"title":"L'inscription en DCG au lyc\u00e9e Jules Guesde - DCG - Lyc\u00e9e Jules Guesde - Montpellier","robots":{"index":"index","follow":"follow","max-snippet":"max-snippet:-1","max-image-preview":"max-image-preview:large","max-video-preview":"max-video-preview:-1"},"canonical":"https:\/\/dcg-guesde-montpellier.fr\/?page_id=192","og_locale":"fr_FR","og_type":"article","og_title":"L'inscription en DCG au lyc\u00e9e Jules Guesde - DCG - Lyc\u00e9e Jules Guesde - Montpellier","og_description":"Inscription en 1re ann\u00e9e L\u2019inscription en 1re ann\u00e9e (DCG1)&nbsp;est ouverte aux titulaires du baccalaur\u00e9at de la voie technologique (STMG) ou de la voie g\u00e9n\u00e9rale (toutes sp\u00e9cialit\u00e9s). Vous devez passer par la plateforme Parcoursup. Nous tiendrons compte particuli\u00e8rement de vos bulletins de notes des 1er et 2e trimestres de Terminale&nbsp;: notes et appr\u00e9ciations des professeurs&nbsp;!Soignez la [&hellip;]","og_url":"https:\/\/dcg-guesde-montpellier.fr\/?page_id=192","og_site_name":"DCG - Lyc\u00e9e Jules Guesde - Montpellier","article_modified_time":"2026-03-17T09:14:53+00:00","og_image":[{"width":925,"height":617,"url":"https:\/\/dcg-guesde-montpellier.fr\/wp-content\/uploads\/2021\/11\/hand-one-up.jpg","type":"image\/jpeg"}],"twitter_card":"summary_large_image","twitter_misc":{"Dur\u00e9e de lecture estim\u00e9e":"2 minutes"},"schema":{"@context":"https:\/\/schema.org","@graph":[{"@type":"WebPage","@id":"https:\/\/dcg-guesde-montpellier.fr\/?page_id=192","url":"https:\/\/dcg-guesde-montpellier.fr\/?page_id=192","name":"L'inscription en DCG au lyc\u00e9e Jules Guesde - DCG - Lyc\u00e9e Jules Guesde - Montpellier","isPartOf":{"@id":"https:\/\/dcg-guesde-montpellier.fr\/#website"},"primaryImageOfPage":{"@id":"https:\/\/dcg-guesde-montpellier.fr\/?page_id=192#primaryimage"},"image":{"@id":"https:\/\/dcg-guesde-montpellier.fr\/?page_id=192#primaryimage"},"thumbnailUrl":"http:\/\/dcg-guesde-montpellier.fr\/wp-content\/uploads\/2021\/11\/hand-one-up.jpg","datePublished":"2021-11-13T22:19:24+00:00","dateModified":"2026-03-17T09:14:53+00:00","breadcrumb":{"@id":"https:\/\/dcg-guesde-montpellier.fr\/?page_id=192#breadcrumb"},"inLanguage":"fr-FR","potentialAction":[{"@type":"ReadAction","target":["https:\/\/dcg-guesde-montpellier.fr\/?page_id=192"]}]},{"@type":"ImageObject","inLanguage":"fr-FR","@id":"https:\/\/dcg-guesde-montpellier.fr\/?page_id=192#primaryimage","url":"https:\/\/dcg-guesde-montpellier.fr\/wp-content\/uploads\/2021\/11\/hand-one-up.jpg","contentUrl":"https:\/\/dcg-guesde-montpellier.fr\/wp-content\/uploads\/2021\/11\/hand-one-up.jpg","width":925,"height":617},{"@type":"BreadcrumbList","@id":"https:\/\/dcg-guesde-montpellier.fr\/?page_id=192#breadcrumb","itemListElement":[{"@type":"ListItem","position":1,"name":"Accueil","item":"https:\/\/dcg-guesde-montpellier.fr\/"},{"@type":"ListItem","position":2,"name":"L&rsquo;inscription en DCG au lyc\u00e9e Jules Guesde"}]},{"@type":"WebSite","@id":"https:\/\/dcg-guesde-montpellier.fr\/#website","url":"https:\/\/dcg-guesde-montpellier.fr\/","name":"DCG - Lyc\u00e9e Jules Guesde - Montpellier","description":"Un site utilisant WordPress","publisher":{"@id":"https:\/\/dcg-guesde-montpellier.fr\/#organization"},"potentialAction":[{"@type":"SearchAction","target":{"@type":"EntryPoint","urlTemplate":"https:\/\/dcg-guesde-montpellier.fr\/?s={search_term_string}"},"query-input":{"@type":"PropertyValueSpecification","valueRequired":true,"valueName":"search_term_string"}}],"inLanguage":"fr-FR"},{"@type":"Organization","@id":"https:\/\/dcg-guesde-montpellier.fr\/#organization","name":"DCG - Lyc\u00e9e Jules Guesde - Montpellier","url":"https:\/\/dcg-guesde-montpellier.fr\/","logo":{"@type":"ImageObject","inLanguage":"fr-FR","@id":"https:\/\/dcg-guesde-montpellier.fr\/#\/schema\/logo\/image\/","url":"http:\/\/dcg-guesde-montpellier.fr\/wp-content\/uploads\/2021\/11\/logo_guesde-2.jpg","contentUrl":"http:\/\/dcg-guesde-montpellier.fr\/wp-content\/uploads\/2021\/11\/logo_guesde-2.jpg","width":300,"height":267,"caption":"DCG - Lyc\u00e9e Jules Guesde - Montpellier"},"image":{"@id":"https:\/\/dcg-guesde-montpellier.fr\/#\/schema\/logo\/image\/"}}]}},"_links":{"self":[{"href":"https:\/\/dcg-guesde-montpellier.fr\/index.php?rest_route=\/wp\/v2\/pages\/192","targetHints":{"allow":["GET"]}}],"collection":[{"href":"https:\/\/dcg-guesde-montpellier.fr\/index.php?rest_route=\/wp\/v2\/pages"}],"about":[{"href":"https:\/\/dcg-guesde-montpellier.fr\/index.php?rest_route=\/wp\/v2\/types\/page"}],"author":[{"embeddable":true,"href":"https:\/\/dcg-guesde-montpellier.fr\/index.php?rest_route=\/wp\/v2\/users\/1"}],"replies":[{"embeddable":true,"href":"https:\/\/dcg-guesde-montpellier.fr\/index.php?rest_route=%2Fwp%2Fv2%2Fcomments&post=192"}],"version-history":[{"count":45,"href":"https:\/\/dcg-guesde-montpellier.fr\/index.php?rest_route=\/wp\/v2\/pages\/192\/revisions"}],"predecessor-version":[{"id":1691,"href":"https:\/\/dcg-guesde-montpellier.fr\/index.php?rest_route=\/wp\/v2\/pages\/192\/revisions\/1691"}],"wp:attachment":[{"href":"https:\/\/dcg-guesde-montpellier.fr\/index.php?rest_route=%2Fwp%2Fv2%2Fmedia&parent=192"}],"curies":[{"name":"wp","href":"https:\/\/api.w.org\/{rel}","templated":true}]}}