{"id":187,"date":"2021-11-13T23:18:05","date_gmt":"2021-11-13T22:18:05","guid":{"rendered":"http:\/\/dcg-guesde-montpellier.fr\/?page_id=187"},"modified":"2025-12-02T13:33:27","modified_gmt":"2025-12-02T12:33:27","slug":"la-formation","status":"publish","type":"page","link":"https:\/\/dcg-guesde-montpellier.fr\/?page_id=187","title":{"rendered":"La formation"},"content":{"rendered":"\n<div class=\"wp-block-media-text alignwide is-stacked-on-mobile is-image-fill-element\" style=\"grid-template-columns:31% auto\"><figure class=\"wp-block-media-text__media\"><img loading=\"lazy\" decoding=\"async\" width=\"626\" height=\"452\" src=\"http:\/\/dcg-guesde-montpellier.fr\/wp-content\/uploads\/2021\/11\/podium2.jpg\" alt=\"\" class=\"wp-image-307 size-full\" style=\"object-position:53% 96%\" srcset=\"https:\/\/dcg-guesde-montpellier.fr\/wp-content\/uploads\/2021\/11\/podium2.jpg 626w, https:\/\/dcg-guesde-montpellier.fr\/wp-content\/uploads\/2021\/11\/podium2-300x217.jpg 300w\" sizes=\"auto, (max-width: 626px) 100vw, 626px\" \/><\/figure><div class=\"wp-block-media-text__content\">\n<p class=\"has-medium-font-size\">Une formation au DCG en 3 ans<\/p>\n\n\n\n<p style=\"font-size:15px\">La classe pr\u00e9paratoire au DCG du Lyc\u00e9e Jules Guesde propose une&nbsp;<span class=\"has-inline-color has-vivid-red-color\"><a href=\"http:\/\/dcg-guesde-montpellier.fr\/?page_id=313\" data-type=\"URL\" data-id=\"http:\/\/dcg-guesde-montpellier.fr\/?page_id=313\">formation en 3 ans&nbsp;gratuite<\/a> <\/span>et ouverte notamment aux \u00e9tudiants boursiers avec&nbsp;<span class=\"has-inline-color has-black-color\"><strong>deux stages<\/strong><\/span>&nbsp;obligatoires de 4 semaines minimum chacun.<\/p>\n\n\n\n<p style=\"font-size:15px\">La formation est assur\u00e9e par une \u00e9quipe p\u00e9dagogique exp\u00e9riment\u00e9e dans des locaux sp\u00e9cialement \u00e9quip\u00e9s.<\/p>\n<\/div><\/div>\n\n\n\n<div style=\"height:20px\" aria-hidden=\"true\" class=\"wp-block-spacer\"><\/div>\n\n\n\n<figure class=\"wp-block-video\"><video controls src=\"https:\/\/dcg-guesde-montpellier.fr\/wp-content\/uploads\/2025\/12\/PresentationDCG-LyceeJulesGuesde-2026-1.mp4\"><\/video><\/figure>\n\n\n\n<div style=\"height:50px\" aria-hidden=\"true\" class=\"wp-block-spacer\"><\/div>\n\n\n\n<p class=\"has-small-font-size\">Une <span class=\"has-inline-color has-black-color\"><strong>formation gratuite<\/strong><\/span>, une qualit\u00e9 d\u2019enseignement de classe pr\u00e9pa, un statut d\u2019\u00e9tudiant.<\/p>\n\n\n\n<p class=\"has-text-align-center\"><strong><mark style=\"background-color:rgba(0, 0, 0, 0)\" class=\"has-inline-color has-vivid-red-color\">Un programme r\u00e9nov\u00e9 \u00e0 la rentr\u00e9e 2026.<\/mark><\/strong><\/p>\n\n\n\n<h3 class=\"wp-block-heading\"><strong>13 mati\u00e8res \u00e9tudi\u00e9es sur 3 ann\u00e9es<\/strong><\/h3>\n\n\n\n<p class=\"has-small-font-size\">Autour de 4 axes :<\/p>\n\n\n\n<div class=\"wp-block-columns is-layout-flex wp-container-core-columns-is-layout-9d6595d7 wp-block-columns-is-layout-flex\">\n<div class=\"wp-block-column is-layout-flow wp-block-column-is-layout-flow\">\n<p class=\"has-text-align-center\">AXE 1 &#8211; DROIT DES AFFAIRES<\/p>\n\n\n\n<p class=\"has-background has-small-font-size\" style=\"background-color:#f7f7f7\">Fondamentaux du droit (1re ann\u00e9e)<br>Droit des soci\u00e9t\u00e9s et des groupements d\u2019affaires (2e ann\u00e9e)<br>Droit social (3e ann\u00e9e)<br>Droit fiscal (2e ann\u00e9e)<\/p>\n<\/div>\n\n\n\n<div class=\"wp-block-column is-layout-flow wp-block-column-is-layout-flow\">\n<p class=\"has-text-align-center\">AXE 2 &#8211; GESTION COMPTABLE ET FINANCI\u00c8RE<\/p>\n\n\n\n<p class=\"has-background has-small-font-size\" style=\"background-color:#f7f7f7\">Comptabilit\u00e9 (1re ann\u00e9e)<br>Comptabilit\u00e9 approfondie (2e ann\u00e9e)<br>Finance d\u2019entreprise (2e ann\u00e9e)<br>Contr\u00f4le de gestion (3e ann\u00e9e)<\/p>\n<\/div>\n<\/div>\n\n\n\n<div class=\"wp-block-columns is-layout-flex wp-container-core-columns-is-layout-9d6595d7 wp-block-columns-is-layout-flex\">\n<div class=\"wp-block-column is-layout-flow wp-block-column-is-layout-flow\">\n<p class=\"has-text-align-center\">AXE 3 &#8211; ANALYSE \u00c9CONOMIQUE ET MANAG\u00c9RIALE<\/p>\n\n\n\n<p class=\"has-background has-small-font-size\" style=\"background-color:#f7f7f7\">Economie contemporaine (1re ann\u00e9es)<br>Management (3e ann\u00e9e)<\/p>\n<\/div>\n\n\n\n<div class=\"wp-block-column is-layout-flow wp-block-column-is-layout-flow\">\n<p class=\"has-text-align-center\">AXE 4 &#8211; COMMUNICATION ET ENVIRONNEMENT NUM\u00c9RIQUE<\/p>\n\n\n\n<p class=\"has-background has-small-font-size\" style=\"background-color:#f7f7f7\">Syst\u00e8mes d\u2019information de Gestion (1re ann\u00e9e)<br>Communication professionnelle (1re, 2e et 3e ann\u00e9es)<br>Anglais des affaires (1re et 3e ann\u00e9es)<\/p>\n<\/div>\n<\/div>\n\n\n\n<p class=\"has-small-font-size\">Les&nbsp;<a href=\"https:\/\/www.enseignementsup-recherche.gouv.fr\/pid20536\/bulletin-officiel.html?cid_bo=142885&amp;cbo=1\" rel=\"noreferrer noopener\" target=\"_blank\">programmes de chaque \u00e9preuve<\/a>&nbsp;\u00e0 compter de la session 2020 peuvent \u00eatre consult\u00e9s dans l\u2019annexe n\u00b01 du BOESR N\u00b026 du 27\/06\/2019<\/p>\n\n\n\n<ul class=\"wp-block-list\">\n<li>Les cours d\u00e9marrent en septembre et se terminent avant les examens d\u00e9but juin.<\/li>\n\n\n\n<li>Les cours en classe enti\u00e8re sont compl\u00e9t\u00e9s par des TD et des modules en groupes.<\/li>\n\n\n\n<li>L\u2019emploi du temps est d\u2019environ 26 heures par semaine.<\/li>\n\n\n\n<li><strong>Tous les cours sont obligatoires pour tous les \u00e9tudiants<\/strong>, y compris qui b\u00e9n\u00e9ficient de dispense(s) d\u2019\u00e9preuve(s) \u00e0 l\u2019examen.<\/li>\n<\/ul>\n\n\n\n<h3 class=\"wp-block-heading\"><strong>Deux stages en milieu professionnel<\/strong><\/h3>\n\n\n\n<p class=\"has-small-font-size\">De quatre semaines minimum chacun, ils se d\u00e9roulent en fin de 1re et de 2e ann\u00e9e et donnent lieu \u00e0 la soutenance d\u2019un rapport de stage en fin de 3e ann\u00e9e (\u00c9preuve de Communication Professionnelle &#8211; UE 13).<\/p>\n\n\n\n<div style=\"height:30px\" aria-hidden=\"true\" class=\"wp-block-spacer\"><\/div>\n\n\n\n<h3 class=\"wp-block-heading has-background\" style=\"background-color:#fff3ef\"><strong>Les atouts de la pr\u00e9pa DCG du lyc\u00e9e Jules Guesde<\/strong><\/h3>\n\n\n\n<ul class=\"wp-block-list\">\n<li>Des <span class=\"has-inline-color has-black-color\"><strong>\u00e9tudes gratuites<\/strong><\/span><\/li>\n\n\n\n<li>Un statut d\u2019\u00e9tudiant<\/li>\n\n\n\n<li>Une \u00e9quipe p\u00e9dagogique de professeurs agr\u00e9g\u00e9s et exp\u00e9riment\u00e9s<\/li>\n\n\n\n<li>Un<span class=\"has-inline-color has-vivid-red-color\"> <\/span><span class=\"has-inline-color has-black-color\"><strong>suivi et un accompagnement individualis\u00e9<\/strong><\/span><\/li>\n\n\n\n<li>Un <span class=\"has-inline-color has-black-color\"><strong>entrainement hebdomadaire \u00e0 l&rsquo;examen<\/strong><\/span><\/li>\n\n\n\n<li>Des salles de cours d\u00e9di\u00e9es aux \u00e9tudiants de DCG<\/li>\n\n\n\n<li>Un \u00e9quipement informatique performant<\/li>\n\n\n\n<li>Des salles de travail et de d\u00e9tente<\/li>\n\n\n\n<li>Un r\u00e9seau d\u2019anciens \u00e9tudiants issu de plus de 20 ans d\u2019exp\u00e9rience<\/li>\n\n\n\n<li>Des \u00e9v\u00e9nements organis\u00e9s pour dynamiser la vie \u00e9tudiante&nbsp;: journ\u00e9e d\u2019int\u00e9gration, olympiades inter-DCG, rencontres avec les anciens \u00e9tudiants, voyage \u00e0 Londres &#8230;<\/li>\n\n\n\n<li><strong><span class=\"has-inline-color has-black-color\">Et d\u2019excellents r\u00e9sultats bien sup\u00e9rieurs aux r\u00e9sultats nationaux et acad\u00e9miques&nbsp;!<\/span><\/strong><\/li>\n<\/ul>\n\n\n\n<hr class=\"wp-block-separator has-text-color has-black-color has-css-opacity has-black-background-color has-background\"\/>\n\n\n\n<p class=\"has-text-align-center\"><strong><span class=\"has-inline-color has-vivid-red-color\">Taux de r\u00e9ussite du lyc\u00e9e Jules Guesde<\/span><\/strong><\/p>\n\n\n<div class=\"wp-block-image is-resized\">\n<figure class=\"aligncenter size-full\"><img loading=\"lazy\" decoding=\"async\" width=\"1082\" height=\"74\" src=\"https:\/\/dcg-guesde-montpellier.fr\/wp-content\/uploads\/2025\/12\/Capture-decran-2025-12-02-a-09.28.02.png\" alt=\"\" class=\"wp-image-1615\" srcset=\"https:\/\/dcg-guesde-montpellier.fr\/wp-content\/uploads\/2025\/12\/Capture-decran-2025-12-02-a-09.28.02.png 1082w, https:\/\/dcg-guesde-montpellier.fr\/wp-content\/uploads\/2025\/12\/Capture-decran-2025-12-02-a-09.28.02-300x21.png 300w, https:\/\/dcg-guesde-montpellier.fr\/wp-content\/uploads\/2025\/12\/Capture-decran-2025-12-02-a-09.28.02-1024x70.png 1024w, https:\/\/dcg-guesde-montpellier.fr\/wp-content\/uploads\/2025\/12\/Capture-decran-2025-12-02-a-09.28.02-768x53.png 768w\" sizes=\"auto, (max-width: 1082px) 100vw, 1082px\" \/><figcaption class=\"wp-element-caption\"><em>nombre d\u2019\u00e9tudiants inscrits en 3e ann\u00e9e ayant obtenu leur dipl\u00f4me<\/em> <em>\/ <em>nombre d\u2019\u00e9tudiants inscrits en 3e ann\u00e9<\/em><\/em>e<\/figcaption><\/figure><\/div>\n\n\n<div style=\"height:20px\" aria-hidden=\"true\" class=\"wp-block-spacer\"><\/div>\n\n\n\n<p class=\"has-text-align-center\">T\u00e9l\u00e9chargez nos <a href=\"http:\/\/dcg-guesde-montpellier.fr\/wp-content\/uploads\/2025\/12\/2025-ResultatsDetailles.pdf\">r\u00e9sultats d\u00e9taill\u00e9s pour la session 2025<\/a><\/p>\n\n\n\n<p><\/p>\n\n\n\n<div style=\"height:50px\" aria-hidden=\"true\" class=\"wp-block-spacer\"><\/div>\n\n\n\n<p class=\"has-small-font-size\">Renseignements sur les bourses aupr\u00e8s du&nbsp;<a href=\"https:\/\/www.crous-montpellier.fr\/\" rel=\"noreferrer noopener\" target=\"_blank\">CROUS<\/a><\/p>\n\n\n\n<p><\/p>\n","protected":false},"excerpt":{"rendered":"<p>Une formation au DCG en 3 ans La classe pr\u00e9paratoire au DCG du Lyc\u00e9e Jules Guesde propose une&nbsp;formation en 3 ans&nbsp;gratuite et ouverte notamment aux \u00e9tudiants boursiers avec&nbsp;deux stages&nbsp;obligatoires de 4 semaines minimum chacun. La formation est assur\u00e9e par une \u00e9quipe p\u00e9dagogique exp\u00e9riment\u00e9e dans des locaux sp\u00e9cialement \u00e9quip\u00e9s. Une formation gratuite, une qualit\u00e9 d\u2019enseignement de [&hellip;]<\/p>\n","protected":false},"author":1,"featured_media":0,"parent":0,"menu_order":0,"comment_status":"closed","ping_status":"closed","template":"","meta":{"footnotes":""},"class_list":["post-187","page","type-page","status-publish","hentry"],"yoast_head":"<!-- This site is optimized with the Yoast SEO plugin v26.4 - https:\/\/yoast.com\/wordpress\/plugins\/seo\/ -->\n<title>La formation - DCG - Lyc\u00e9e Jules Guesde - Montpellier<\/title>\n<meta name=\"robots\" content=\"index, follow, max-snippet:-1, max-image-preview:large, max-video-preview:-1\" \/>\n<link rel=\"canonical\" href=\"https:\/\/dcg-guesde-montpellier.fr\/?page_id=187\" \/>\n<meta property=\"og:locale\" content=\"fr_FR\" \/>\n<meta property=\"og:type\" content=\"article\" \/>\n<meta property=\"og:title\" content=\"La formation - DCG - Lyc\u00e9e Jules Guesde - Montpellier\" \/>\n<meta property=\"og:description\" content=\"Une formation au DCG en 3 ans La classe pr\u00e9paratoire au DCG du Lyc\u00e9e Jules Guesde propose une&nbsp;formation en 3 ans&nbsp;gratuite et ouverte notamment aux \u00e9tudiants boursiers avec&nbsp;deux stages&nbsp;obligatoires de 4 semaines minimum chacun. La formation est assur\u00e9e par une \u00e9quipe p\u00e9dagogique exp\u00e9riment\u00e9e dans des locaux sp\u00e9cialement \u00e9quip\u00e9s. Une formation gratuite, une qualit\u00e9 d\u2019enseignement de [&hellip;]\" \/>\n<meta property=\"og:url\" content=\"https:\/\/dcg-guesde-montpellier.fr\/?page_id=187\" \/>\n<meta property=\"og:site_name\" content=\"DCG - Lyc\u00e9e Jules Guesde - Montpellier\" \/>\n<meta property=\"article:modified_time\" content=\"2025-12-02T12:33:27+00:00\" \/>\n<meta property=\"og:image\" content=\"https:\/\/dcg-guesde-montpellier.fr\/wp-content\/uploads\/2021\/11\/podium2.jpg\" \/>\n\t<meta property=\"og:image:width\" content=\"626\" \/>\n\t<meta property=\"og:image:height\" content=\"452\" \/>\n\t<meta property=\"og:image:type\" content=\"image\/jpeg\" \/>\n<meta name=\"twitter:card\" content=\"summary_large_image\" \/>\n<meta name=\"twitter:label1\" content=\"Dur\u00e9e de lecture estim\u00e9e\" \/>\n\t<meta name=\"twitter:data1\" content=\"3 minutes\" \/>\n<script type=\"application\/ld+json\" class=\"yoast-schema-graph\">{\"@context\":\"https:\/\/schema.org\",\"@graph\":[{\"@type\":\"WebPage\",\"@id\":\"https:\/\/dcg-guesde-montpellier.fr\/?page_id=187\",\"url\":\"https:\/\/dcg-guesde-montpellier.fr\/?page_id=187\",\"name\":\"La formation - DCG - Lyc\u00e9e Jules Guesde - Montpellier\",\"isPartOf\":{\"@id\":\"https:\/\/dcg-guesde-montpellier.fr\/#website\"},\"primaryImageOfPage\":{\"@id\":\"https:\/\/dcg-guesde-montpellier.fr\/?page_id=187#primaryimage\"},\"image\":{\"@id\":\"https:\/\/dcg-guesde-montpellier.fr\/?page_id=187#primaryimage\"},\"thumbnailUrl\":\"http:\/\/dcg-guesde-montpellier.fr\/wp-content\/uploads\/2021\/11\/podium2.jpg\",\"datePublished\":\"2021-11-13T22:18:05+00:00\",\"dateModified\":\"2025-12-02T12:33:27+00:00\",\"breadcrumb\":{\"@id\":\"https:\/\/dcg-guesde-montpellier.fr\/?page_id=187#breadcrumb\"},\"inLanguage\":\"fr-FR\",\"potentialAction\":[{\"@type\":\"ReadAction\",\"target\":[\"https:\/\/dcg-guesde-montpellier.fr\/?page_id=187\"]}]},{\"@type\":\"ImageObject\",\"inLanguage\":\"fr-FR\",\"@id\":\"https:\/\/dcg-guesde-montpellier.fr\/?page_id=187#primaryimage\",\"url\":\"https:\/\/dcg-guesde-montpellier.fr\/wp-content\/uploads\/2021\/11\/podium2.jpg\",\"contentUrl\":\"https:\/\/dcg-guesde-montpellier.fr\/wp-content\/uploads\/2021\/11\/podium2.jpg\",\"width\":626,\"height\":452},{\"@type\":\"BreadcrumbList\",\"@id\":\"https:\/\/dcg-guesde-montpellier.fr\/?page_id=187#breadcrumb\",\"itemListElement\":[{\"@type\":\"ListItem\",\"position\":1,\"name\":\"Accueil\",\"item\":\"https:\/\/dcg-guesde-montpellier.fr\/\"},{\"@type\":\"ListItem\",\"position\":2,\"name\":\"La formation\"}]},{\"@type\":\"WebSite\",\"@id\":\"https:\/\/dcg-guesde-montpellier.fr\/#website\",\"url\":\"https:\/\/dcg-guesde-montpellier.fr\/\",\"name\":\"DCG - Lyc\u00e9e Jules Guesde - Montpellier\",\"description\":\"Un site utilisant WordPress\",\"publisher\":{\"@id\":\"https:\/\/dcg-guesde-montpellier.fr\/#organization\"},\"potentialAction\":[{\"@type\":\"SearchAction\",\"target\":{\"@type\":\"EntryPoint\",\"urlTemplate\":\"https:\/\/dcg-guesde-montpellier.fr\/?s={search_term_string}\"},\"query-input\":{\"@type\":\"PropertyValueSpecification\",\"valueRequired\":true,\"valueName\":\"search_term_string\"}}],\"inLanguage\":\"fr-FR\"},{\"@type\":\"Organization\",\"@id\":\"https:\/\/dcg-guesde-montpellier.fr\/#organization\",\"name\":\"DCG - Lyc\u00e9e Jules Guesde - Montpellier\",\"url\":\"https:\/\/dcg-guesde-montpellier.fr\/\",\"logo\":{\"@type\":\"ImageObject\",\"inLanguage\":\"fr-FR\",\"@id\":\"https:\/\/dcg-guesde-montpellier.fr\/#\/schema\/logo\/image\/\",\"url\":\"http:\/\/dcg-guesde-montpellier.fr\/wp-content\/uploads\/2021\/11\/logo_guesde-2.jpg\",\"contentUrl\":\"http:\/\/dcg-guesde-montpellier.fr\/wp-content\/uploads\/2021\/11\/logo_guesde-2.jpg\",\"width\":300,\"height\":267,\"caption\":\"DCG - Lyc\u00e9e Jules Guesde - Montpellier\"},\"image\":{\"@id\":\"https:\/\/dcg-guesde-montpellier.fr\/#\/schema\/logo\/image\/\"}}]}<\/script>\n<!-- \/ Yoast SEO plugin. -->","yoast_head_json":{"title":"La formation - DCG - Lyc\u00e9e Jules Guesde - Montpellier","robots":{"index":"index","follow":"follow","max-snippet":"max-snippet:-1","max-image-preview":"max-image-preview:large","max-video-preview":"max-video-preview:-1"},"canonical":"https:\/\/dcg-guesde-montpellier.fr\/?page_id=187","og_locale":"fr_FR","og_type":"article","og_title":"La formation - DCG - Lyc\u00e9e Jules Guesde - Montpellier","og_description":"Une formation au DCG en 3 ans La classe pr\u00e9paratoire au DCG du Lyc\u00e9e Jules Guesde propose une&nbsp;formation en 3 ans&nbsp;gratuite et ouverte notamment aux \u00e9tudiants boursiers avec&nbsp;deux stages&nbsp;obligatoires de 4 semaines minimum chacun. La formation est assur\u00e9e par une \u00e9quipe p\u00e9dagogique exp\u00e9riment\u00e9e dans des locaux sp\u00e9cialement \u00e9quip\u00e9s. Une formation gratuite, une qualit\u00e9 d\u2019enseignement de [&hellip;]","og_url":"https:\/\/dcg-guesde-montpellier.fr\/?page_id=187","og_site_name":"DCG - Lyc\u00e9e Jules Guesde - Montpellier","article_modified_time":"2025-12-02T12:33:27+00:00","og_image":[{"width":626,"height":452,"url":"https:\/\/dcg-guesde-montpellier.fr\/wp-content\/uploads\/2021\/11\/podium2.jpg","type":"image\/jpeg"}],"twitter_card":"summary_large_image","twitter_misc":{"Dur\u00e9e de lecture estim\u00e9e":"3 minutes"},"schema":{"@context":"https:\/\/schema.org","@graph":[{"@type":"WebPage","@id":"https:\/\/dcg-guesde-montpellier.fr\/?page_id=187","url":"https:\/\/dcg-guesde-montpellier.fr\/?page_id=187","name":"La formation - DCG - Lyc\u00e9e Jules Guesde - Montpellier","isPartOf":{"@id":"https:\/\/dcg-guesde-montpellier.fr\/#website"},"primaryImageOfPage":{"@id":"https:\/\/dcg-guesde-montpellier.fr\/?page_id=187#primaryimage"},"image":{"@id":"https:\/\/dcg-guesde-montpellier.fr\/?page_id=187#primaryimage"},"thumbnailUrl":"http:\/\/dcg-guesde-montpellier.fr\/wp-content\/uploads\/2021\/11\/podium2.jpg","datePublished":"2021-11-13T22:18:05+00:00","dateModified":"2025-12-02T12:33:27+00:00","breadcrumb":{"@id":"https:\/\/dcg-guesde-montpellier.fr\/?page_id=187#breadcrumb"},"inLanguage":"fr-FR","potentialAction":[{"@type":"ReadAction","target":["https:\/\/dcg-guesde-montpellier.fr\/?page_id=187"]}]},{"@type":"ImageObject","inLanguage":"fr-FR","@id":"https:\/\/dcg-guesde-montpellier.fr\/?page_id=187#primaryimage","url":"https:\/\/dcg-guesde-montpellier.fr\/wp-content\/uploads\/2021\/11\/podium2.jpg","contentUrl":"https:\/\/dcg-guesde-montpellier.fr\/wp-content\/uploads\/2021\/11\/podium2.jpg","width":626,"height":452},{"@type":"BreadcrumbList","@id":"https:\/\/dcg-guesde-montpellier.fr\/?page_id=187#breadcrumb","itemListElement":[{"@type":"ListItem","position":1,"name":"Accueil","item":"https:\/\/dcg-guesde-montpellier.fr\/"},{"@type":"ListItem","position":2,"name":"La formation"}]},{"@type":"WebSite","@id":"https:\/\/dcg-guesde-montpellier.fr\/#website","url":"https:\/\/dcg-guesde-montpellier.fr\/","name":"DCG - Lyc\u00e9e Jules Guesde - Montpellier","description":"Un site utilisant WordPress","publisher":{"@id":"https:\/\/dcg-guesde-montpellier.fr\/#organization"},"potentialAction":[{"@type":"SearchAction","target":{"@type":"EntryPoint","urlTemplate":"https:\/\/dcg-guesde-montpellier.fr\/?s={search_term_string}"},"query-input":{"@type":"PropertyValueSpecification","valueRequired":true,"valueName":"search_term_string"}}],"inLanguage":"fr-FR"},{"@type":"Organization","@id":"https:\/\/dcg-guesde-montpellier.fr\/#organization","name":"DCG - Lyc\u00e9e Jules Guesde - Montpellier","url":"https:\/\/dcg-guesde-montpellier.fr\/","logo":{"@type":"ImageObject","inLanguage":"fr-FR","@id":"https:\/\/dcg-guesde-montpellier.fr\/#\/schema\/logo\/image\/","url":"http:\/\/dcg-guesde-montpellier.fr\/wp-content\/uploads\/2021\/11\/logo_guesde-2.jpg","contentUrl":"http:\/\/dcg-guesde-montpellier.fr\/wp-content\/uploads\/2021\/11\/logo_guesde-2.jpg","width":300,"height":267,"caption":"DCG - Lyc\u00e9e Jules Guesde - Montpellier"},"image":{"@id":"https:\/\/dcg-guesde-montpellier.fr\/#\/schema\/logo\/image\/"}}]}},"_links":{"self":[{"href":"https:\/\/dcg-guesde-montpellier.fr\/index.php?rest_route=\/wp\/v2\/pages\/187","targetHints":{"allow":["GET"]}}],"collection":[{"href":"https:\/\/dcg-guesde-montpellier.fr\/index.php?rest_route=\/wp\/v2\/pages"}],"about":[{"href":"https:\/\/dcg-guesde-montpellier.fr\/index.php?rest_route=\/wp\/v2\/types\/page"}],"author":[{"embeddable":true,"href":"https:\/\/dcg-guesde-montpellier.fr\/index.php?rest_route=\/wp\/v2\/users\/1"}],"replies":[{"embeddable":true,"href":"https:\/\/dcg-guesde-montpellier.fr\/index.php?rest_route=%2Fwp%2Fv2%2Fcomments&post=187"}],"version-history":[{"count":111,"href":"https:\/\/dcg-guesde-montpellier.fr\/index.php?rest_route=\/wp\/v2\/pages\/187\/revisions"}],"predecessor-version":[{"id":1630,"href":"https:\/\/dcg-guesde-montpellier.fr\/index.php?rest_route=\/wp\/v2\/pages\/187\/revisions\/1630"}],"wp:attachment":[{"href":"https:\/\/dcg-guesde-montpellier.fr\/index.php?rest_route=%2Fwp%2Fv2%2Fmedia&parent=187"}],"curies":[{"name":"wp","href":"https:\/\/api.w.org\/{rel}","templated":true}]}}