{"id":148,"date":"2021-11-12T18:52:52","date_gmt":"2021-11-12T17:52:52","guid":{"rendered":"http:\/\/dcg-guesde-montpellier.fr\/?page_id=148"},"modified":"2025-12-15T10:50:42","modified_gmt":"2025-12-15T09:50:42","slug":"148-2","status":"publish","type":"page","link":"https:\/\/dcg-guesde-montpellier.fr\/","title":{"rendered":"Classe pr\u00e9paratoire au DCG"},"content":{"rendered":"\n<h2 class=\"wp-block-heading has-text-align-center\"><mark style=\"background-color:rgba(0, 0, 0, 0)\" class=\"has-inline-color has-vivid-red-color\">Bienvenue sur le site du DCG <\/mark><br><mark style=\"background-color:rgba(0, 0, 0, 0)\" class=\"has-inline-color has-vivid-red-color\">du lyc\u00e9e Jules Guesde de Montpellier<\/mark><\/h2>\n\n\n\n<div style=\"height:20px\" aria-hidden=\"true\" class=\"wp-block-spacer\"><\/div>\n\n\n\n<h2 class=\"wp-block-heading\"><mark style=\"background-color:rgba(0, 0, 0, 0)\" class=\"has-inline-color has-black-color\">Le Dipl\u00f4me de Comptabilit\u00e9 et de Gestion : <\/mark><\/h2>\n\n\n\n<div class=\"wp-block-columns is-layout-flex wp-container-core-columns-is-layout-9d6595d7 wp-block-columns-is-layout-flex\">\n<div class=\"wp-block-column is-layout-flow wp-block-column-is-layout-flow\" style=\"flex-basis:100%\">\n<div class=\"wp-block-group\"><div class=\"wp-block-group__inner-container is-layout-flow wp-block-group-is-layout-flow\">\n<div class=\"wp-block-columns is-layout-flex wp-container-core-columns-is-layout-9d6595d7 wp-block-columns-is-layout-flex\">\n<div class=\"wp-block-column is-layout-flow wp-block-column-is-layout-flow\" style=\"flex-basis:730px\">\n<blockquote class=\"wp-block-quote is-style-default is-layout-flow wp-block-quote-is-layout-flow\">\n<p>&#8211; un dipl\u00f4me reconnu par l\u2019<span class=\"has-inline-color has-black-color\"><strong>Ordre des Experts-Comptables<\/strong><\/span> ;<\/p>\n\n\n\n<p>&#8211; un dipl\u00f4me professionnel national de <span class=\"has-inline-color has-black-color\"><strong>grade Licence<\/strong><\/span>.<\/p>\n<\/blockquote>\n<\/div>\n\n\n\n<div class=\"wp-block-column is-layout-flow wp-block-column-is-layout-flow\" style=\"flex-basis:33.33%\"><\/div>\n<\/div>\n<\/div><\/div>\n<\/div>\n<\/div>\n\n\n\n<div class=\"wp-block-group\"><div class=\"wp-block-group__inner-container is-layout-flow wp-block-group-is-layout-flow\">\n<div class=\"wp-block-columns is-layout-flex wp-container-core-columns-is-layout-9d6595d7 wp-block-columns-is-layout-flex\">\n<div class=\"wp-block-column has-background is-layout-flow wp-block-column-is-layout-flow\" style=\"background-color:#eaeaea;flex-basis:100%\">\n<div class=\"wp-block-group\"><div class=\"wp-block-group__inner-container is-layout-flow wp-block-group-is-layout-flow\">\n<div class=\"wp-block-group alignwide\"><div class=\"wp-block-group__inner-container is-layout-flow wp-block-group-is-layout-flow\">\n<div class=\"wp-block-group alignwide has-background\" style=\"background-color:#eaeaea\"><div class=\"wp-block-group__inner-container is-layout-flow wp-block-group-is-layout-flow\">\n<div class=\"wp-block-columns is-layout-flex wp-container-core-columns-is-layout-9d6595d7 wp-block-columns-is-layout-flex\">\n<div class=\"wp-block-column has-white-background-color has-background is-layout-flow wp-block-column-is-layout-flow\">\n<figure class=\"wp-block-image alignwide size-full is-style-default\"><img loading=\"lazy\" decoding=\"async\" width=\"925\" height=\"617\" src=\"http:\/\/dcg-guesde-montpellier.fr\/wp-content\/uploads\/2021\/11\/profil.jpg\" alt=\"\" class=\"wp-image-301\" srcset=\"https:\/\/dcg-guesde-montpellier.fr\/wp-content\/uploads\/2021\/11\/profil.jpg 925w, https:\/\/dcg-guesde-montpellier.fr\/wp-content\/uploads\/2021\/11\/profil-300x200.jpg 300w, https:\/\/dcg-guesde-montpellier.fr\/wp-content\/uploads\/2021\/11\/profil-768x512.jpg 768w\" sizes=\"auto, (max-width: 925px) 100vw, 925px\" \/><figcaption class=\"wp-element-caption\"><mark style=\"background-color:rgba(0, 0, 0, 0)\" class=\"has-inline-color has-vivid-red-color\"><a data-type=\"URL\" data-id=\"http:\/\/dcg-guesde-montpellier.fr\/?page_id=619\" href=\"http:\/\/dcg-guesde-montpellier.fr\/?page_id=619\">Quel profil pour <\/a><\/mark><br><mark style=\"background-color:rgba(0, 0, 0, 0)\" class=\"has-inline-color has-vivid-red-color\"><a data-type=\"URL\" data-id=\"http:\/\/dcg-guesde-montpellier.fr\/?page_id=619\" href=\"http:\/\/dcg-guesde-montpellier.fr\/?page_id=619\">int\u00e9grer le DCG ?<\/a><\/mark><\/figcaption><\/figure>\n\n\n\n<p><\/p>\n<\/div>\n\n\n\n<div class=\"wp-block-column has-black-color has-white-background-color has-text-color has-background is-layout-flow wp-block-column-is-layout-flow\">\n<figure class=\"wp-block-image alignwide size-full\"><img loading=\"lazy\" decoding=\"async\" width=\"612\" height=\"408\" src=\"http:\/\/dcg-guesde-montpellier.fr\/wp-content\/uploads\/2021\/11\/formation.jpg\" alt=\"\" class=\"wp-image-263\" srcset=\"https:\/\/dcg-guesde-montpellier.fr\/wp-content\/uploads\/2021\/11\/formation.jpg 612w, https:\/\/dcg-guesde-montpellier.fr\/wp-content\/uploads\/2021\/11\/formation-300x200.jpg 300w\" sizes=\"auto, (max-width: 612px) 100vw, 612px\" \/><figcaption class=\"wp-element-caption\"><a href=\"http:\/\/dcg-guesde-montpellier.fr\/?page_id=187\" data-type=\"URL\" data-id=\"http:\/\/dcg-guesde-montpellier.fr\/?page_id=187\">Le DCG <\/a><br><a href=\"http:\/\/dcg-guesde-montpellier.fr\/?page_id=187\" data-type=\"URL\" data-id=\"http:\/\/dcg-guesde-montpellier.fr\/?page_id=187\">au lyc\u00e9e Jules Guesde<\/a><\/figcaption><\/figure>\n<\/div>\n\n\n\n<div class=\"wp-block-column has-white-background-color has-background is-layout-flow wp-block-column-is-layout-flow\">\n<figure class=\"wp-block-image alignwide size-large is-style-default\"><img loading=\"lazy\" decoding=\"async\" width=\"1024\" height=\"661\" src=\"http:\/\/dcg-guesde-montpellier.fr\/wp-content\/uploads\/2022\/04\/Signature-convention-1-1024x661.jpg\" alt=\"\" class=\"wp-image-985\" srcset=\"https:\/\/dcg-guesde-montpellier.fr\/wp-content\/uploads\/2022\/04\/Signature-convention-1-1024x661.jpg 1024w, https:\/\/dcg-guesde-montpellier.fr\/wp-content\/uploads\/2022\/04\/Signature-convention-1-300x194.jpg 300w, https:\/\/dcg-guesde-montpellier.fr\/wp-content\/uploads\/2022\/04\/Signature-convention-1-768x496.jpg 768w, https:\/\/dcg-guesde-montpellier.fr\/wp-content\/uploads\/2022\/04\/Signature-convention-1-1536x992.jpg 1536w, https:\/\/dcg-guesde-montpellier.fr\/wp-content\/uploads\/2022\/04\/Signature-convention-1-2048x1323.jpg 2048w\" sizes=\"auto, (max-width: 1024px) 100vw, 1024px\" \/><figcaption class=\"wp-element-caption\"><a href=\"http:\/\/dcg-guesde-montpellier.fr\/?page_id=986\" target=\"_blank\" rel=\"noreferrer noopener\">Partenariat pour la pr\u00e9sentation <br>de la fili\u00e8re et les m\u00e9tiers de l&rsquo;expertise comptable et de l&rsquo;audit<\/a><\/figcaption><\/figure>\n<\/div>\n<\/div>\n\n\n\n<hr class=\"wp-block-separator has-alpha-channel-opacity\"\/>\n<\/div><\/div>\n\n\n\n<div class=\"wp-block-group alignwide has-background\" style=\"background-color:#eaeaea\"><div class=\"wp-block-group__inner-container is-layout-flow wp-block-group-is-layout-flow\">\n<div class=\"wp-block-columns is-layout-flex wp-container-core-columns-is-layout-9d6595d7 wp-block-columns-is-layout-flex\">\n<div class=\"wp-block-column has-black-color has-white-background-color has-text-color has-background is-layout-flow wp-block-column-is-layout-flow\">\n<figure class=\"wp-block-image alignwide size-full\"><img loading=\"lazy\" decoding=\"async\" width=\"510\" height=\"340\" src=\"http:\/\/dcg-guesde-montpellier.fr\/wp-content\/uploads\/2021\/11\/embauche-1.webp\" alt=\"\" class=\"wp-image-275\" srcset=\"https:\/\/dcg-guesde-montpellier.fr\/wp-content\/uploads\/2021\/11\/embauche-1.webp 510w, https:\/\/dcg-guesde-montpellier.fr\/wp-content\/uploads\/2021\/11\/embauche-1-300x200.webp 300w\" sizes=\"auto, (max-width: 510px) 100vw, 510px\" \/><figcaption class=\"wp-element-caption\"><meta charset=\"utf-8\"><meta charset=\"utf-8\"><a href=\"http:\/\/dcg-guesde-montpellier.fr\/?page_id=197(ouvre un nouvel onglet)\" data-type=\"URL\" data-id=\"http:\/\/dcg-guesde-montpellier.fr\/?page_id=197(ouvre un nouvel onglet)\">Les m\u00e9tiers du chiffre recrutent !<\/a><\/figcaption><\/figure>\n<\/div>\n\n\n\n<div class=\"wp-block-column has-white-background-color has-background is-layout-flow wp-block-column-is-layout-flow\">\n<figure class=\"wp-block-image alignwide size-full is-style-default\"><img loading=\"lazy\" decoding=\"async\" width=\"626\" height=\"417\" src=\"http:\/\/dcg-guesde-montpellier.fr\/wp-content\/uploads\/2021\/11\/inscription.jpg\" alt=\"\" class=\"wp-image-278\" srcset=\"https:\/\/dcg-guesde-montpellier.fr\/wp-content\/uploads\/2021\/11\/inscription.jpg 626w, https:\/\/dcg-guesde-montpellier.fr\/wp-content\/uploads\/2021\/11\/inscription-300x200.jpg 300w\" sizes=\"auto, (max-width: 626px) 100vw, 626px\" \/><figcaption class=\"wp-element-caption\"><a href=\"http:\/\/dcg-guesde-montpellier.fr\/?page_id=192(ouvre un nouvel onglet)\" data-type=\"URL\" data-id=\"http:\/\/dcg-guesde-montpellier.fr\/?page_id=192(ouvre un nouvel onglet)\">Les conditions d&rsquo;inscription<\/a><\/figcaption><\/figure>\n\n\n\n<p><\/p>\n<\/div>\n\n\n\n<div class=\"wp-block-column has-white-background-color has-background is-layout-flow wp-block-column-is-layout-flow\">\n<figure class=\"wp-block-image alignwide size-full is-style-default\"><img loading=\"lazy\" decoding=\"async\" width=\"626\" height=\"417\" src=\"http:\/\/dcg-guesde-montpellier.fr\/wp-content\/uploads\/2021\/11\/telecharger2.jpg\" alt=\"\" class=\"wp-image-283\" srcset=\"https:\/\/dcg-guesde-montpellier.fr\/wp-content\/uploads\/2021\/11\/telecharger2.jpg 626w, https:\/\/dcg-guesde-montpellier.fr\/wp-content\/uploads\/2021\/11\/telecharger2-300x200.jpg 300w\" sizes=\"auto, (max-width: 626px) 100vw, 626px\" \/><figcaption class=\"wp-element-caption\"><a href=\"http:\/\/dcg-guesde-montpellier.fr\/wp-content\/uploads\/2023\/02\/2022-2023-PlaquetteDCG_VF.pdf\" target=\"_blank\" rel=\"noreferrer noopener\">T\u00e9l\u00e9ch<\/a><a href=\"http:\/\/dcg-guesde-montpellier.fr\/wp-content\/uploads\/2023\/03\/PlaquetteDCG_2023.pdf\" target=\"_blank\" rel=\"noreferrer noopener\">arger la plaquette du DCG du lyc\u00e9e Jules Guesde<\/a><\/figcaption><\/figure>\n<\/div>\n<\/div>\n\n\n\n<hr class=\"wp-block-separator has-alpha-channel-opacity\"\/>\n<\/div><\/div>\n\n\n\n<div class=\"wp-block-group alignwide has-background\" style=\"background-color:#eaeaea\"><div class=\"wp-block-group__inner-container is-layout-flow wp-block-group-is-layout-flow\">\n<div class=\"wp-block-columns is-layout-flex wp-container-core-columns-is-layout-9d6595d7 wp-block-columns-is-layout-flex\">\n<div class=\"wp-block-column has-white-background-color has-background is-layout-flow wp-block-column-is-layout-flow\">\n<p><\/p>\n<\/div>\n\n\n\n<div class=\"wp-block-column has-white-background-color has-background is-layout-flow wp-block-column-is-layout-flow\">\n<figure class=\"wp-block-image alignwide size-full is-style-default\"><img loading=\"lazy\" decoding=\"async\" width=\"2560\" height=\"1707\" src=\"http:\/\/dcg-guesde-montpellier.fr\/wp-content\/uploads\/2024\/12\/pexels-timmossholder-1706018-edited-scaled.jpg\" alt=\"\" class=\"wp-image-1494\" srcset=\"https:\/\/dcg-guesde-montpellier.fr\/wp-content\/uploads\/2024\/12\/pexels-timmossholder-1706018-edited-scaled.jpg 2560w, https:\/\/dcg-guesde-montpellier.fr\/wp-content\/uploads\/2024\/12\/pexels-timmossholder-1706018-edited-300x200.jpg 300w, https:\/\/dcg-guesde-montpellier.fr\/wp-content\/uploads\/2024\/12\/pexels-timmossholder-1706018-edited-1024x683.jpg 1024w, https:\/\/dcg-guesde-montpellier.fr\/wp-content\/uploads\/2024\/12\/pexels-timmossholder-1706018-edited-768x512.jpg 768w, https:\/\/dcg-guesde-montpellier.fr\/wp-content\/uploads\/2024\/12\/pexels-timmossholder-1706018-edited-1536x1024.jpg 1536w, https:\/\/dcg-guesde-montpellier.fr\/wp-content\/uploads\/2024\/12\/pexels-timmossholder-1706018-edited-2048x1365.jpg 2048w\" sizes=\"auto, (max-width: 2560px) 100vw, 2560px\" \/><figcaption class=\"wp-element-caption\"><a href=\"http:\/\/dcg-guesde-montpellier.fr\/?p=138\">Portes ouvertes post bac au  lyc\u00e9e Jules Guesde <\/a><br>le samedi 14 f\u00e9vrier 2026 de 9h \u00e0 12h<\/figcaption><\/figure>\n\n\n\n<p><\/p>\n\n\n\n<p><\/p>\n\n\n\n<p><\/p>\n<\/div>\n\n\n\n<div class=\"wp-block-column has-white-background-color has-background is-layout-flow wp-block-column-is-layout-flow\"><\/div>\n<\/div>\n<\/div><\/div>\n<\/div><\/div>\n<\/div><\/div>\n\n\n\n<hr class=\"wp-block-separator has-alpha-channel-opacity\"\/>\n\n\n\n<p><\/p>\n<\/div>\n<\/div>\n<\/div><\/div>\n\n\n\n<h2 class=\"wp-block-heading has-text-align-center\">Pr\u00e9sentation du DCG au lyc\u00e9e Jules Guesde<\/h2>\n\n\n\n<figure class=\"wp-block-video\"><video controls src=\"https:\/\/dcg-guesde-montpellier.fr\/wp-content\/uploads\/2025\/12\/PresentationDCG-LyceeJulesGuesde-2026-auto-v2-1.mp4\"><\/video><\/figure>\n\n\n\n<p><\/p>\n","protected":false},"excerpt":{"rendered":"<p>Bienvenue sur le site du DCG du lyc\u00e9e Jules Guesde de Montpellier Le Dipl\u00f4me de Comptabilit\u00e9 et de Gestion : &#8211; un dipl\u00f4me reconnu par l\u2019Ordre des Experts-Comptables ; &#8211; un dipl\u00f4me professionnel national de grade Licence. Pr\u00e9sentation du DCG au lyc\u00e9e Jules Guesde<\/p>\n","protected":false},"author":1,"featured_media":0,"parent":0,"menu_order":0,"comment_status":"closed","ping_status":"closed","template":"","meta":{"footnotes":""},"class_list":["post-148","page","type-page","status-publish","hentry"],"yoast_head":"<!-- This site is optimized with the Yoast SEO plugin v26.4 - https:\/\/yoast.com\/wordpress\/plugins\/seo\/ -->\n<title>Classe pr\u00e9paratoire au DCG - DCG - Lyc\u00e9e Jules Guesde - Montpellier<\/title>\n<meta name=\"robots\" content=\"index, follow, max-snippet:-1, max-image-preview:large, max-video-preview:-1\" \/>\n<link rel=\"canonical\" href=\"https:\/\/dcg-guesde-montpellier.fr\/\" \/>\n<meta property=\"og:locale\" content=\"fr_FR\" \/>\n<meta property=\"og:type\" content=\"article\" \/>\n<meta property=\"og:title\" content=\"Classe pr\u00e9paratoire au DCG - DCG - Lyc\u00e9e Jules Guesde - Montpellier\" \/>\n<meta property=\"og:description\" content=\"Bienvenue sur le site du DCG du lyc\u00e9e Jules Guesde de Montpellier Le Dipl\u00f4me de Comptabilit\u00e9 et de Gestion : &#8211; un dipl\u00f4me reconnu par l\u2019Ordre des Experts-Comptables ; &#8211; un dipl\u00f4me professionnel national de grade Licence. Pr\u00e9sentation du DCG au lyc\u00e9e Jules Guesde\" \/>\n<meta property=\"og:url\" content=\"https:\/\/dcg-guesde-montpellier.fr\/\" \/>\n<meta property=\"og:site_name\" content=\"DCG - Lyc\u00e9e Jules Guesde - Montpellier\" \/>\n<meta property=\"article:modified_time\" content=\"2025-12-15T09:50:42+00:00\" \/>\n<meta property=\"og:image\" content=\"https:\/\/dcg-guesde-montpellier.fr\/wp-content\/uploads\/2021\/11\/profil.jpg\" \/>\n\t<meta property=\"og:image:width\" content=\"925\" \/>\n\t<meta property=\"og:image:height\" content=\"617\" \/>\n\t<meta property=\"og:image:type\" content=\"image\/jpeg\" \/>\n<meta name=\"twitter:card\" content=\"summary_large_image\" \/>\n<meta name=\"twitter:label1\" content=\"Dur\u00e9e de lecture estim\u00e9e\" \/>\n\t<meta name=\"twitter:data1\" content=\"2 minutes\" \/>\n<script type=\"application\/ld+json\" class=\"yoast-schema-graph\">{\"@context\":\"https:\/\/schema.org\",\"@graph\":[{\"@type\":\"WebPage\",\"@id\":\"https:\/\/dcg-guesde-montpellier.fr\/\",\"url\":\"https:\/\/dcg-guesde-montpellier.fr\/\",\"name\":\"Classe pr\u00e9paratoire au DCG - DCG - Lyc\u00e9e Jules Guesde - Montpellier\",\"isPartOf\":{\"@id\":\"https:\/\/dcg-guesde-montpellier.fr\/#website\"},\"primaryImageOfPage\":{\"@id\":\"https:\/\/dcg-guesde-montpellier.fr\/#primaryimage\"},\"image\":{\"@id\":\"https:\/\/dcg-guesde-montpellier.fr\/#primaryimage\"},\"thumbnailUrl\":\"http:\/\/dcg-guesde-montpellier.fr\/wp-content\/uploads\/2021\/11\/profil.jpg\",\"datePublished\":\"2021-11-12T17:52:52+00:00\",\"dateModified\":\"2025-12-15T09:50:42+00:00\",\"breadcrumb\":{\"@id\":\"https:\/\/dcg-guesde-montpellier.fr\/#breadcrumb\"},\"inLanguage\":\"fr-FR\",\"potentialAction\":[{\"@type\":\"ReadAction\",\"target\":[\"https:\/\/dcg-guesde-montpellier.fr\/\"]}]},{\"@type\":\"ImageObject\",\"inLanguage\":\"fr-FR\",\"@id\":\"https:\/\/dcg-guesde-montpellier.fr\/#primaryimage\",\"url\":\"https:\/\/dcg-guesde-montpellier.fr\/wp-content\/uploads\/2021\/11\/profil.jpg\",\"contentUrl\":\"https:\/\/dcg-guesde-montpellier.fr\/wp-content\/uploads\/2021\/11\/profil.jpg\",\"width\":925,\"height\":617},{\"@type\":\"BreadcrumbList\",\"@id\":\"https:\/\/dcg-guesde-montpellier.fr\/#breadcrumb\",\"itemListElement\":[{\"@type\":\"ListItem\",\"position\":1,\"name\":\"Accueil\",\"item\":\"https:\/\/dcg-guesde-montpellier.fr\/\"},{\"@type\":\"ListItem\",\"position\":2,\"name\":\"Classe pr\u00e9paratoire au DCG\"}]},{\"@type\":\"WebSite\",\"@id\":\"https:\/\/dcg-guesde-montpellier.fr\/#website\",\"url\":\"https:\/\/dcg-guesde-montpellier.fr\/\",\"name\":\"DCG - Lyc\u00e9e Jules Guesde - Montpellier\",\"description\":\"Un site utilisant WordPress\",\"publisher\":{\"@id\":\"https:\/\/dcg-guesde-montpellier.fr\/#organization\"},\"potentialAction\":[{\"@type\":\"SearchAction\",\"target\":{\"@type\":\"EntryPoint\",\"urlTemplate\":\"https:\/\/dcg-guesde-montpellier.fr\/?s={search_term_string}\"},\"query-input\":{\"@type\":\"PropertyValueSpecification\",\"valueRequired\":true,\"valueName\":\"search_term_string\"}}],\"inLanguage\":\"fr-FR\"},{\"@type\":\"Organization\",\"@id\":\"https:\/\/dcg-guesde-montpellier.fr\/#organization\",\"name\":\"DCG - Lyc\u00e9e Jules Guesde - Montpellier\",\"url\":\"https:\/\/dcg-guesde-montpellier.fr\/\",\"logo\":{\"@type\":\"ImageObject\",\"inLanguage\":\"fr-FR\",\"@id\":\"https:\/\/dcg-guesde-montpellier.fr\/#\/schema\/logo\/image\/\",\"url\":\"http:\/\/dcg-guesde-montpellier.fr\/wp-content\/uploads\/2021\/11\/logo_guesde-2.jpg\",\"contentUrl\":\"http:\/\/dcg-guesde-montpellier.fr\/wp-content\/uploads\/2021\/11\/logo_guesde-2.jpg\",\"width\":300,\"height\":267,\"caption\":\"DCG - Lyc\u00e9e Jules Guesde - Montpellier\"},\"image\":{\"@id\":\"https:\/\/dcg-guesde-montpellier.fr\/#\/schema\/logo\/image\/\"}}]}<\/script>\n<!-- \/ Yoast SEO plugin. -->","yoast_head_json":{"title":"Classe pr\u00e9paratoire au DCG - DCG - Lyc\u00e9e Jules Guesde - Montpellier","robots":{"index":"index","follow":"follow","max-snippet":"max-snippet:-1","max-image-preview":"max-image-preview:large","max-video-preview":"max-video-preview:-1"},"canonical":"https:\/\/dcg-guesde-montpellier.fr\/","og_locale":"fr_FR","og_type":"article","og_title":"Classe pr\u00e9paratoire au DCG - DCG - Lyc\u00e9e Jules Guesde - Montpellier","og_description":"Bienvenue sur le site du DCG du lyc\u00e9e Jules Guesde de Montpellier Le Dipl\u00f4me de Comptabilit\u00e9 et de Gestion : &#8211; un dipl\u00f4me reconnu par l\u2019Ordre des Experts-Comptables ; &#8211; un dipl\u00f4me professionnel national de grade Licence. Pr\u00e9sentation du DCG au lyc\u00e9e Jules Guesde","og_url":"https:\/\/dcg-guesde-montpellier.fr\/","og_site_name":"DCG - Lyc\u00e9e Jules Guesde - Montpellier","article_modified_time":"2025-12-15T09:50:42+00:00","og_image":[{"width":925,"height":617,"url":"https:\/\/dcg-guesde-montpellier.fr\/wp-content\/uploads\/2021\/11\/profil.jpg","type":"image\/jpeg"}],"twitter_card":"summary_large_image","twitter_misc":{"Dur\u00e9e de lecture estim\u00e9e":"2 minutes"},"schema":{"@context":"https:\/\/schema.org","@graph":[{"@type":"WebPage","@id":"https:\/\/dcg-guesde-montpellier.fr\/","url":"https:\/\/dcg-guesde-montpellier.fr\/","name":"Classe pr\u00e9paratoire au DCG - DCG - Lyc\u00e9e Jules Guesde - Montpellier","isPartOf":{"@id":"https:\/\/dcg-guesde-montpellier.fr\/#website"},"primaryImageOfPage":{"@id":"https:\/\/dcg-guesde-montpellier.fr\/#primaryimage"},"image":{"@id":"https:\/\/dcg-guesde-montpellier.fr\/#primaryimage"},"thumbnailUrl":"http:\/\/dcg-guesde-montpellier.fr\/wp-content\/uploads\/2021\/11\/profil.jpg","datePublished":"2021-11-12T17:52:52+00:00","dateModified":"2025-12-15T09:50:42+00:00","breadcrumb":{"@id":"https:\/\/dcg-guesde-montpellier.fr\/#breadcrumb"},"inLanguage":"fr-FR","potentialAction":[{"@type":"ReadAction","target":["https:\/\/dcg-guesde-montpellier.fr\/"]}]},{"@type":"ImageObject","inLanguage":"fr-FR","@id":"https:\/\/dcg-guesde-montpellier.fr\/#primaryimage","url":"https:\/\/dcg-guesde-montpellier.fr\/wp-content\/uploads\/2021\/11\/profil.jpg","contentUrl":"https:\/\/dcg-guesde-montpellier.fr\/wp-content\/uploads\/2021\/11\/profil.jpg","width":925,"height":617},{"@type":"BreadcrumbList","@id":"https:\/\/dcg-guesde-montpellier.fr\/#breadcrumb","itemListElement":[{"@type":"ListItem","position":1,"name":"Accueil","item":"https:\/\/dcg-guesde-montpellier.fr\/"},{"@type":"ListItem","position":2,"name":"Classe pr\u00e9paratoire au DCG"}]},{"@type":"WebSite","@id":"https:\/\/dcg-guesde-montpellier.fr\/#website","url":"https:\/\/dcg-guesde-montpellier.fr\/","name":"DCG - Lyc\u00e9e Jules Guesde - Montpellier","description":"Un site utilisant WordPress","publisher":{"@id":"https:\/\/dcg-guesde-montpellier.fr\/#organization"},"potentialAction":[{"@type":"SearchAction","target":{"@type":"EntryPoint","urlTemplate":"https:\/\/dcg-guesde-montpellier.fr\/?s={search_term_string}"},"query-input":{"@type":"PropertyValueSpecification","valueRequired":true,"valueName":"search_term_string"}}],"inLanguage":"fr-FR"},{"@type":"Organization","@id":"https:\/\/dcg-guesde-montpellier.fr\/#organization","name":"DCG - Lyc\u00e9e Jules Guesde - Montpellier","url":"https:\/\/dcg-guesde-montpellier.fr\/","logo":{"@type":"ImageObject","inLanguage":"fr-FR","@id":"https:\/\/dcg-guesde-montpellier.fr\/#\/schema\/logo\/image\/","url":"http:\/\/dcg-guesde-montpellier.fr\/wp-content\/uploads\/2021\/11\/logo_guesde-2.jpg","contentUrl":"http:\/\/dcg-guesde-montpellier.fr\/wp-content\/uploads\/2021\/11\/logo_guesde-2.jpg","width":300,"height":267,"caption":"DCG - Lyc\u00e9e Jules Guesde - Montpellier"},"image":{"@id":"https:\/\/dcg-guesde-montpellier.fr\/#\/schema\/logo\/image\/"}}]}},"_links":{"self":[{"href":"https:\/\/dcg-guesde-montpellier.fr\/index.php?rest_route=\/wp\/v2\/pages\/148","targetHints":{"allow":["GET"]}}],"collection":[{"href":"https:\/\/dcg-guesde-montpellier.fr\/index.php?rest_route=\/wp\/v2\/pages"}],"about":[{"href":"https:\/\/dcg-guesde-montpellier.fr\/index.php?rest_route=\/wp\/v2\/types\/page"}],"author":[{"embeddable":true,"href":"https:\/\/dcg-guesde-montpellier.fr\/index.php?rest_route=\/wp\/v2\/users\/1"}],"replies":[{"embeddable":true,"href":"https:\/\/dcg-guesde-montpellier.fr\/index.php?rest_route=%2Fwp%2Fv2%2Fcomments&post=148"}],"version-history":[{"count":192,"href":"https:\/\/dcg-guesde-montpellier.fr\/index.php?rest_route=\/wp\/v2\/pages\/148\/revisions"}],"predecessor-version":[{"id":1641,"href":"https:\/\/dcg-guesde-montpellier.fr\/index.php?rest_route=\/wp\/v2\/pages\/148\/revisions\/1641"}],"wp:attachment":[{"href":"https:\/\/dcg-guesde-montpellier.fr\/index.php?rest_route=%2Fwp%2Fv2%2Fmedia&parent=148"}],"curies":[{"name":"wp","href":"https:\/\/api.w.org\/{rel}","templated":true}]}}